{"id":90,"date":"2024-11-24T17:42:25","date_gmt":"2024-11-24T17:42:25","guid":{"rendered":"https:\/\/dremrekaraagac.com\/?page_id=90"},"modified":"2025-01-12T17:13:56","modified_gmt":"2025-01-12T17:13:56","slug":"recete-ornekleri","status":"publish","type":"page","link":"https:\/\/dremrekaraagac.com\/?page_id=90","title":{"rendered":"Re\u00e7eteler"},"content":{"rendered":"<p>Klinik pratikte s\u0131k kar\u015f\u0131la\u015ft\u0131\u011f\u0131m\u0131z hastal\u0131klarda kullanabilece\u011finiz \u00f6rnek re\u00e7ete \u00f6rneklerini a\u015fa\u011f\u0131dan bulabilirsiniz. Re\u00e7etelerin i\u00e7eri\u011findeki ila\u00e7lar\u0131 hasta \u00f6zelinde ekleyip \u00e7\u0131karabilirsiniz. Bilgilendirme amac\u0131yla haz\u0131rlanm\u0131\u015f olup ileri d\u00fczey bilgi i\u00e7in ilgili hastal\u0131\u011f\u0131n detayl\u0131 klinik yakla\u015f\u0131m derslerini ve sunumlar\u0131n\u0131 inceleyebilirsiniz. Burada ama\u00e7 tan\u0131s\u0131n\u0131 koydu\u011funuz hastal\u0131klarda kullanabilece\u011finiz re\u00e7ete \u00f6rneklerine h\u0131zl\u0131ca ula\u015fmakt\u0131r.<\/p>\n<ul>\n<li><a href=\"https:\/\/dremrekaraagac.com\/?p=1318\"><em><strong>Aft\u00f6z Stomatit<\/strong><\/em><\/a><\/li>\n<li><strong><em><a href=\"https:\/\/dremrekaraagac.com\/?p=294\">Alerjik Rinit<\/a><\/em><\/strong><\/li>\n<li><em><strong><a href=\"https:\/\/dremrekaraagac.com\/?p=1297\">Ast\u0131m<\/a><\/strong><\/em><\/li>\n<li><a href=\"https:\/\/dremrekaraagac.com\/?p=1328\"><em><strong>Atopik Dermatit<\/strong><\/em><\/a><\/li>\n<li><a href=\"https:\/\/dremrekaraagac.com\/?p=1335\"><em><strong>B12 Eksikli\u011fi<\/strong><\/em><\/a><\/li>\n<li><a href=\"https:\/\/dremrekaraagac.com\/?p=1350\"><em><strong>Barsak Parazitleri<\/strong><\/em><\/a><\/li>\n<li><em><strong><a href=\"https:\/\/dremrekaraagac.com\/?p=1377\">Bal\u0131k Ya\u011f\u0131 Kullan\u0131m\u0131<\/a><\/strong><\/em><\/li>\n<li><a href=\"https:\/\/dremrekaraagac.com\/?p=1363\"><em><strong>D Vitamini Eksikli\u011fi<\/strong><\/em><\/a><\/li>\n<li><a href=\"https:\/\/dremrekaraagac.com\/?p=1385\"><em><strong>Demir Eksikli\u011fi Tedavisi<\/strong><\/em><\/a><\/li>\n<li><a href=\"https:\/\/dremrekaraagac.com\/?p=1392\"><em><strong>El, Ayak A\u011f\u0131z Sendromu<\/strong><\/em><\/a><\/li>\n<li><a href=\"https:\/\/dremrekaraagac.com\/?p=1399\"><em><strong>Folik Asit Eksikli\u011fi<\/strong><\/em><\/a><\/li>\n<li><em><strong><a href=\"https:\/\/dremrekaraagac.com\/?p=167#more-167\">Gastroenterit<\/a><\/strong><\/em><\/li>\n<li><a href=\"https:\/\/dremrekaraagac.com\/?p=1407\"><em><strong>Gastro\u00f6zofagial Refl\u00fc<\/strong><\/em><\/a><\/li>\n<li><a href=\"https:\/\/dremrekaraagac.com\/?p=1415\"><em><strong>Gaz Koli\u011fi<\/strong><\/em><\/a><\/li>\n<li><em><strong><a href=\"https:\/\/dremrekaraagac.com\/?p=1428\">\u0130mpetigo<\/a><\/strong><\/em><\/li>\n<li><a href=\"https:\/\/dremrekaraagac.com\/?p=1432\"><em><strong>Kab\u0131zl\u0131k<\/strong><\/em><\/a><\/li>\n<li><strong><em><a href=\"https:\/\/dremrekaraagac.com\/?p=275\">Kandida Stomatiti<\/a><\/em><\/strong><\/li>\n<li><a href=\"https:\/\/dremrekaraagac.com\/?p=1437\"><em><strong>K\u0131z\u0131l<\/strong><\/em><\/a><\/li>\n<li><strong><em><a href=\"https:\/\/dremrekaraagac.com\/?p=270\">Konjonktivit<\/a><\/em><\/strong><\/li>\n<li><a href=\"https:\/\/dremrekaraagac.com\/?p=1443\"><em><strong>Krup (Laringo Trakeo Bron\u015fit)<\/strong><\/em><\/a><\/li>\n<li><a href=\"https:\/\/dremrekaraagac.com\/?p=1446\"><em><strong>Non Spesifik Viral D\u00f6k\u00fcnt\u00fc<\/strong><\/em><\/a><\/li>\n<li><strong><em><a href=\"https:\/\/dremrekaraagac.com\/?p=266\">Otitis Eksterna<\/a><\/em><\/strong><\/li>\n<li><strong><em><a href=\"https:\/\/dremrekaraagac.com\/?p=308\">Otitis Media<\/a><\/em><\/strong><\/li>\n<li><a href=\"https:\/\/dremrekaraagac.com\/?p=1451\"><em><strong>Perianal Dermatit (Pi\u015fik)<\/strong><\/em><\/a><\/li>\n<li><a href=\"https:\/\/dremrekaraagac.com\/?p=1456\"><em><strong>Periorbital Sel\u00fclit<\/strong><\/em><\/a><\/li>\n<li><a href=\"https:\/\/dremrekaraagac.com\/?p=1460\"><em><strong>Seboreik Dermatit<\/strong><\/em><\/a><\/li>\n<li><a href=\"https:\/\/dremrekaraagac.com\/?p=1464\"><strong><em>Sel\u00fclit\/Erizipel<\/em><\/strong><\/a><\/li>\n<li><strong><em><a href=\"https:\/\/dremrekaraagac.com\/?p=286\">Sin\u00fczit<\/a><\/em><\/strong><\/li>\n<li><strong><em><a href=\"https:\/\/dremrekaraagac.com\/?p=320\">Skabiyez (Uyuz)<\/a><\/em><\/strong><\/li>\n<li><a href=\"https:\/\/dremrekaraagac.com\/?p=1470\"><em><strong>Subkonjonktival Hemoraji<\/strong><\/em><\/a><\/li>\n<li><a href=\"https:\/\/dremrekaraagac.com\/?p=1478\"><em><strong>Su \u00c7i\u00e7e\u011fi<\/strong><\/em><\/a><\/li>\n<li><a href=\"https:\/\/dremrekaraagac.com\/?p=1500\"><em><strong>Tinea Corporis<\/strong><\/em><\/a><\/li>\n<li><a href=\"https:\/\/dremrekaraagac.com\/?p=1494\"><em><strong>Tinea Kapitis<\/strong><\/em><\/a><\/li>\n<li><em><strong><a href=\"https:\/\/dremrekaraagac.com\/?p=38\">Tonsillit<\/a><\/strong><\/em><\/li>\n<li><em><strong><a href=\"https:\/\/dremrekaraagac.com\/?p=261\">\u00dcriner Sistem Enfeksiyonlar\u0131<\/a><\/strong><\/em><\/li>\n<li><strong><em><a href=\"https:\/\/dremrekaraagac.com\/?p=314\">\u00dcrtiker<\/a><\/em><\/strong><\/li>\n<li><a href=\"https:\/\/dremrekaraagac.com\/?p=1490\"><em><strong>Vitiligo<\/strong><\/em><\/a><\/li>\n<li><em><strong><a href=\"https:\/\/dremrekaraagac.com\/?p=1485\">Zona<\/a><\/strong><\/em><\/li>\n<\/ul>\n","protected":false},"excerpt":{"rendered":"<p>Klinik pratikte s\u0131k kar\u015f\u0131la\u015ft\u0131\u011f\u0131m\u0131z hastal\u0131klarda kullanabilece\u011finiz \u00f6rnek re\u00e7ete \u00f6rneklerini a\u015fa\u011f\u0131dan bulabilirsiniz. Re\u00e7etelerin i\u00e7eri\u011findeki ila\u00e7lar\u0131 hasta \u00f6zelinde ekleyip \u00e7\u0131karabilirsiniz. Bilgilendirme amac\u0131yla haz\u0131rlanm\u0131\u015f olup ileri d\u00fczey bilgi i\u00e7in ilgili hastal\u0131\u011f\u0131n detayl\u0131 klinik yakla\u015f\u0131m derslerini ve sunumlar\u0131n\u0131 inceleyebilirsiniz. Burada ama\u00e7 tan\u0131s\u0131n\u0131 koydu\u011funuz hastal\u0131klarda kullanabilece\u011finiz re\u00e7ete \u00f6rneklerine h\u0131zl\u0131ca ula\u015fmakt\u0131r. Aft\u00f6z Stomatit Alerjik Rinit Ast\u0131m Atopik Dermatit B12 Eksikli\u011fi Barsak&hellip;&nbsp;<a href=\"https:\/\/dremrekaraagac.com\/?page_id=90\" rel=\"bookmark\">Daha fazlas\u0131n\u0131 oku &raquo;<span class=\"screen-reader-text\">Re\u00e7eteler<\/span><\/a><\/p>\n","protected":false},"author":1,"featured_media":1302,"parent":0,"menu_order":0,"comment_status":"closed","ping_status":"closed","template":"","meta":{"neve_meta_sidebar":"","neve_meta_container":"","neve_meta_enable_content_width":"off","neve_meta_content_width":100,"neve_meta_title_alignment":"","neve_meta_author_avatar":"","neve_post_elements_order":"","neve_meta_disable_header":"","neve_meta_disable_footer":"","neve_meta_disable_title":"","footnotes":""},"class_list":["post-90","page","type-page","status-publish","has-post-thumbnail","hentry"],"yoast_head":"<!-- This site is optimized with the Yoast SEO plugin v26.1.1 - https:\/\/yoast.com\/wordpress\/plugins\/seo\/ -->\n<title>Re\u00e7eteler - Uzm. Dr. Emre KARAA\u011eA\u00c7<\/title>\n<meta name=\"description\" content=\"Klinik pratikte s\u0131k kar\u015f\u0131la\u015ft\u0131\u011f\u0131m\u0131z hastal\u0131klar i\u00e7in \u00f6rnek re\u00e7ete \u00f6rneklerini bulabilirsiniz. Re\u00e7etelerin hasta \u00f6zelinde d\u00fczenleyebilirsiniz.\" \/>\n<meta name=\"robots\" content=\"index, follow, max-snippet:-1, max-image-preview:large, max-video-preview:-1\" \/>\n<link rel=\"canonical\" href=\"https:\/\/dremrekaraagac.com\/?page_id=90\" \/>\n<meta property=\"og:locale\" content=\"tr_TR\" \/>\n<meta property=\"og:type\" content=\"article\" \/>\n<meta property=\"og:title\" content=\"Re\u00e7eteler - Uzm. Dr. Emre KARAA\u011eA\u00c7\" \/>\n<meta property=\"og:description\" content=\"Klinik pratikte s\u0131k kar\u015f\u0131la\u015ft\u0131\u011f\u0131m\u0131z hastal\u0131klar i\u00e7in \u00f6rnek re\u00e7ete \u00f6rneklerini bulabilirsiniz. Re\u00e7etelerin hasta \u00f6zelinde d\u00fczenleyebilirsiniz.\" \/>\n<meta property=\"og:url\" content=\"https:\/\/dremrekaraagac.com\/?page_id=90\" \/>\n<meta property=\"og:site_name\" content=\"Uzm. Dr. Emre KARAA\u011eA\u00c7\" \/>\n<meta property=\"article:modified_time\" content=\"2025-01-12T17:13:56+00:00\" \/>\n<meta property=\"og:image\" content=\"https:\/\/dremrekaraagac.com\/wp-content\/uploads\/2025\/01\/Adsiz-tasarim-10.png\" \/>\n\t<meta property=\"og:image:width\" content=\"1000\" \/>\n\t<meta property=\"og:image:height\" content=\"500\" \/>\n\t<meta property=\"og:image:type\" content=\"image\/png\" \/>\n<meta name=\"twitter:card\" content=\"summary_large_image\" \/>\n<meta name=\"twitter:label1\" content=\"Tahmini okuma s\u00fcresi\" \/>\n\t<meta name=\"twitter:data1\" content=\"1 dakika\" \/>\n<script type=\"application\/ld+json\" class=\"yoast-schema-graph\">{\"@context\":\"https:\/\/schema.org\",\"@graph\":[{\"@type\":\"WebPage\",\"@id\":\"https:\/\/dremrekaraagac.com\/?page_id=90\",\"url\":\"https:\/\/dremrekaraagac.com\/?page_id=90\",\"name\":\"Re\u00e7eteler - Uzm. Dr. Emre KARAA\u011eA\u00c7\",\"isPartOf\":{\"@id\":\"https:\/\/dremrekaraagac.com\/#website\"},\"primaryImageOfPage\":{\"@id\":\"https:\/\/dremrekaraagac.com\/?page_id=90#primaryimage\"},\"image\":{\"@id\":\"https:\/\/dremrekaraagac.com\/?page_id=90#primaryimage\"},\"thumbnailUrl\":\"https:\/\/dremrekaraagac.com\/wp-content\/uploads\/2025\/01\/Adsiz-tasarim-10.png\",\"datePublished\":\"2024-11-24T17:42:25+00:00\",\"dateModified\":\"2025-01-12T17:13:56+00:00\",\"description\":\"Klinik pratikte s\u0131k kar\u015f\u0131la\u015ft\u0131\u011f\u0131m\u0131z hastal\u0131klar i\u00e7in \u00f6rnek re\u00e7ete \u00f6rneklerini bulabilirsiniz. Re\u00e7etelerin hasta \u00f6zelinde d\u00fczenleyebilirsiniz.\",\"breadcrumb\":{\"@id\":\"https:\/\/dremrekaraagac.com\/?page_id=90#breadcrumb\"},\"inLanguage\":\"tr\",\"potentialAction\":[{\"@type\":\"ReadAction\",\"target\":[\"https:\/\/dremrekaraagac.com\/?page_id=90\"]}]},{\"@type\":\"ImageObject\",\"inLanguage\":\"tr\",\"@id\":\"https:\/\/dremrekaraagac.com\/?page_id=90#primaryimage\",\"url\":\"https:\/\/dremrekaraagac.com\/wp-content\/uploads\/2025\/01\/Adsiz-tasarim-10.png\",\"contentUrl\":\"https:\/\/dremrekaraagac.com\/wp-content\/uploads\/2025\/01\/Adsiz-tasarim-10.png\",\"width\":1000,\"height\":500},{\"@type\":\"BreadcrumbList\",\"@id\":\"https:\/\/dremrekaraagac.com\/?page_id=90#breadcrumb\",\"itemListElement\":[{\"@type\":\"ListItem\",\"position\":1,\"name\":\"Anasayfa\",\"item\":\"https:\/\/dremrekaraagac.com\/\"},{\"@type\":\"ListItem\",\"position\":2,\"name\":\"Re\u00e7eteler\"}]},{\"@type\":\"WebSite\",\"@id\":\"https:\/\/dremrekaraagac.com\/#website\",\"url\":\"https:\/\/dremrekaraagac.com\/\",\"name\":\"Uzm. Dr. Emre KARAA\u011eA\u00c7\",\"description\":\"\u00c7ocuk Sa\u011fl\u0131\u011f\u0131 Ve Hastal\u0131klar\u0131 Uzman\u0131, En \u0130yi \u00c7ocuk Doktoru\",\"potentialAction\":[{\"@type\":\"SearchAction\",\"target\":{\"@type\":\"EntryPoint\",\"urlTemplate\":\"https:\/\/dremrekaraagac.com\/?s={search_term_string}\"},\"query-input\":{\"@type\":\"PropertyValueSpecification\",\"valueRequired\":true,\"valueName\":\"search_term_string\"}}],\"inLanguage\":\"tr\"}]}<\/script>\n<!-- \/ Yoast SEO plugin. -->","yoast_head_json":{"title":"Re\u00e7eteler - Uzm. Dr. Emre KARAA\u011eA\u00c7","description":"Klinik pratikte s\u0131k kar\u015f\u0131la\u015ft\u0131\u011f\u0131m\u0131z hastal\u0131klar i\u00e7in \u00f6rnek re\u00e7ete \u00f6rneklerini bulabilirsiniz. Re\u00e7etelerin hasta \u00f6zelinde d\u00fczenleyebilirsiniz.","robots":{"index":"index","follow":"follow","max-snippet":"max-snippet:-1","max-image-preview":"max-image-preview:large","max-video-preview":"max-video-preview:-1"},"canonical":"https:\/\/dremrekaraagac.com\/?page_id=90","og_locale":"tr_TR","og_type":"article","og_title":"Re\u00e7eteler - Uzm. Dr. Emre KARAA\u011eA\u00c7","og_description":"Klinik pratikte s\u0131k kar\u015f\u0131la\u015ft\u0131\u011f\u0131m\u0131z hastal\u0131klar i\u00e7in \u00f6rnek re\u00e7ete \u00f6rneklerini bulabilirsiniz. Re\u00e7etelerin hasta \u00f6zelinde d\u00fczenleyebilirsiniz.","og_url":"https:\/\/dremrekaraagac.com\/?page_id=90","og_site_name":"Uzm. Dr. Emre KARAA\u011eA\u00c7","article_modified_time":"2025-01-12T17:13:56+00:00","og_image":[{"width":1000,"height":500,"url":"https:\/\/dremrekaraagac.com\/wp-content\/uploads\/2025\/01\/Adsiz-tasarim-10.png","type":"image\/png"}],"twitter_card":"summary_large_image","twitter_misc":{"Tahmini okuma s\u00fcresi":"1 dakika"},"schema":{"@context":"https:\/\/schema.org","@graph":[{"@type":"WebPage","@id":"https:\/\/dremrekaraagac.com\/?page_id=90","url":"https:\/\/dremrekaraagac.com\/?page_id=90","name":"Re\u00e7eteler - Uzm. Dr. Emre KARAA\u011eA\u00c7","isPartOf":{"@id":"https:\/\/dremrekaraagac.com\/#website"},"primaryImageOfPage":{"@id":"https:\/\/dremrekaraagac.com\/?page_id=90#primaryimage"},"image":{"@id":"https:\/\/dremrekaraagac.com\/?page_id=90#primaryimage"},"thumbnailUrl":"https:\/\/dremrekaraagac.com\/wp-content\/uploads\/2025\/01\/Adsiz-tasarim-10.png","datePublished":"2024-11-24T17:42:25+00:00","dateModified":"2025-01-12T17:13:56+00:00","description":"Klinik pratikte s\u0131k kar\u015f\u0131la\u015ft\u0131\u011f\u0131m\u0131z hastal\u0131klar i\u00e7in \u00f6rnek re\u00e7ete \u00f6rneklerini bulabilirsiniz. Re\u00e7etelerin hasta \u00f6zelinde d\u00fczenleyebilirsiniz.","breadcrumb":{"@id":"https:\/\/dremrekaraagac.com\/?page_id=90#breadcrumb"},"inLanguage":"tr","potentialAction":[{"@type":"ReadAction","target":["https:\/\/dremrekaraagac.com\/?page_id=90"]}]},{"@type":"ImageObject","inLanguage":"tr","@id":"https:\/\/dremrekaraagac.com\/?page_id=90#primaryimage","url":"https:\/\/dremrekaraagac.com\/wp-content\/uploads\/2025\/01\/Adsiz-tasarim-10.png","contentUrl":"https:\/\/dremrekaraagac.com\/wp-content\/uploads\/2025\/01\/Adsiz-tasarim-10.png","width":1000,"height":500},{"@type":"BreadcrumbList","@id":"https:\/\/dremrekaraagac.com\/?page_id=90#breadcrumb","itemListElement":[{"@type":"ListItem","position":1,"name":"Anasayfa","item":"https:\/\/dremrekaraagac.com\/"},{"@type":"ListItem","position":2,"name":"Re\u00e7eteler"}]},{"@type":"WebSite","@id":"https:\/\/dremrekaraagac.com\/#website","url":"https:\/\/dremrekaraagac.com\/","name":"Uzm. Dr. Emre KARAA\u011eA\u00c7","description":"\u00c7ocuk Sa\u011fl\u0131\u011f\u0131 Ve Hastal\u0131klar\u0131 Uzman\u0131, En \u0130yi \u00c7ocuk Doktoru","potentialAction":[{"@type":"SearchAction","target":{"@type":"EntryPoint","urlTemplate":"https:\/\/dremrekaraagac.com\/?s={search_term_string}"},"query-input":{"@type":"PropertyValueSpecification","valueRequired":true,"valueName":"search_term_string"}}],"inLanguage":"tr"}]}},"_links":{"self":[{"href":"https:\/\/dremrekaraagac.com\/index.php?rest_route=\/wp\/v2\/pages\/90","targetHints":{"allow":["GET"]}}],"collection":[{"href":"https:\/\/dremrekaraagac.com\/index.php?rest_route=\/wp\/v2\/pages"}],"about":[{"href":"https:\/\/dremrekaraagac.com\/index.php?rest_route=\/wp\/v2\/types\/page"}],"author":[{"embeddable":true,"href":"https:\/\/dremrekaraagac.com\/index.php?rest_route=\/wp\/v2\/users\/1"}],"replies":[{"embeddable":true,"href":"https:\/\/dremrekaraagac.com\/index.php?rest_route=%2Fwp%2Fv2%2Fcomments&post=90"}],"version-history":[{"count":57,"href":"https:\/\/dremrekaraagac.com\/index.php?rest_route=\/wp\/v2\/pages\/90\/revisions"}],"predecessor-version":[{"id":1505,"href":"https:\/\/dremrekaraagac.com\/index.php?rest_route=\/wp\/v2\/pages\/90\/revisions\/1505"}],"wp:featuredmedia":[{"embeddable":true,"href":"https:\/\/dremrekaraagac.com\/index.php?rest_route=\/wp\/v2\/media\/1302"}],"wp:attachment":[{"href":"https:\/\/dremrekaraagac.com\/index.php?rest_route=%2Fwp%2Fv2%2Fmedia&parent=90"}],"curies":[{"name":"wp","href":"https:\/\/api.w.org\/{rel}","templated":true}]}}