{"id":71,"date":"2024-11-24T16:53:37","date_gmt":"2024-11-24T16:53:37","guid":{"rendered":"https:\/\/dremrekaraagac.com\/?page_id=71"},"modified":"2025-06-08T14:44:50","modified_gmt":"2025-06-08T14:44:50","slug":"sosyal-medya","status":"publish","type":"page","link":"https:\/\/dremrekaraagac.com\/?page_id=71","title":{"rendered":"Sosyal Medya Hesaplar\u0131"},"content":{"rendered":"<h3><strong>A\u015fa\u011f\u0131daki sosyal medya hesaplar\u0131m\u0131 t\u0131klayarak sosyal medyadan takip edebilir, istedi\u011finiz zaman ileti\u015fime ge\u00e7ebilirsiniz.<\/strong><\/h3>\n<h3><\/h3>\n<h3><strong><a href=\"https:\/\/www.instagram.com\/bebedoktoruemre\/profilecard\/\"><img loading=\"lazy\" decoding=\"async\" class=\"alignnone\" src=\"https:\/\/e7.pngegg.com\/pngimages\/284\/477\/png-clipart-computer-icons-graphy-instagram-logo-instagram-logo-miscellaneous-text.png\" alt=\"Logo Bilgisayar Simgeleri, INSTAGRAM LOGO, Instagram logosu, \u00e7e\u015fitli, metin png | PNGEgg\" width=\"45\" height=\"35\" \/><\/a>\u0130nstagram: <a href=\"https:\/\/www.instagram.com\/bebedoktoruemre\/profilecard\/\">bebedoktoruemre<\/a><\/strong><\/h3>\n<h3><strong><a href=\"https:\/\/www.youtube.com\/channel\/UCfHpGWZXnsEEmW-xa_ANznA\"><img loading=\"lazy\" decoding=\"async\" class=\"alignnone\" src=\"https:\/\/w7.pngwing.com\/pngs\/936\/468\/png-transparent-youtube-logo-youtube-logo-computer-icons-subscribe-angle-rectangle-airplane-thumbnail.png\" alt=\"Youtube Logo png | PNGWing\" width=\"51\" height=\"39\" \/><\/a>Youtube: <a href=\"https:\/\/www.youtube.com\/channel\/UCfHpGWZXnsEEmW-xa_ANznA\">Uzm. Dr. Emre KARAA\u011eA\u00c7<\/a><\/strong><\/h3>\n<h3><strong><a href=\"https:\/\/www.tiktok.com\/@bebedoktoru?_t=8rfLikah1tK&amp;_r=1\"><img loading=\"lazy\" decoding=\"async\" class=\"alignnone\" src=\"https:\/\/w7.pngwing.com\/pngs\/986\/124\/png-transparent-tiktok-social-media-logos-brands-icon-thumbnail.png\" alt=\"Tiktok png | PNGWing\" width=\"41\" height=\"41\" \/><\/a>Tiktok: <a href=\"https:\/\/www.tiktok.com\/@bebedoktoru?_t=8rfLikah1tK&amp;_r=1\">bebedoktoru<\/a><\/strong><\/h3>\n","protected":false},"excerpt":{"rendered":"<p>A\u015fa\u011f\u0131daki sosyal medya hesaplar\u0131m\u0131 t\u0131klayarak sosyal medyadan takip edebilir, istedi\u011finiz zaman ileti\u015fime ge\u00e7ebilirsiniz. \u0130nstagram: bebedoktoruemre Youtube: Uzm. Dr. Emre KARAA\u011eA\u00c7 Tiktok: bebedoktoru<\/p>\n","protected":false},"author":1,"featured_media":174,"parent":0,"menu_order":0,"comment_status":"closed","ping_status":"closed","template":"","meta":{"neve_meta_sidebar":"","neve_meta_container":"","neve_meta_enable_content_width":"off","neve_meta_content_width":100,"neve_meta_title_alignment":"","neve_meta_author_avatar":"","neve_post_elements_order":"","neve_meta_disable_header":"","neve_meta_disable_footer":"","neve_meta_disable_title":"","footnotes":""},"class_list":["post-71","page","type-page","status-publish","has-post-thumbnail","hentry"],"yoast_head":"<!-- This site is optimized with the Yoast SEO plugin v26.1.1 - https:\/\/yoast.com\/wordpress\/plugins\/seo\/ -->\n<title>Sosyal Medya Hesaplar\u0131 - Uzm. Dr. Emre KARAA\u011eA\u00c7<\/title>\n<meta name=\"description\" content=\"Hasta, tetkik vb. dan\u0131\u015fmak i\u00e7in sosyal medya hesaplar\u0131n\u0131 takip edebilir, ileti\u015fime ge\u00e7ebilir bilgilendirme videolar\u0131n\u0131 izleyebilirsiniz.\" \/>\n<meta name=\"robots\" content=\"index, follow, max-snippet:-1, max-image-preview:large, max-video-preview:-1\" \/>\n<link rel=\"canonical\" href=\"https:\/\/dremrekaraagac.com\/?page_id=71\" \/>\n<meta property=\"og:locale\" content=\"tr_TR\" \/>\n<meta property=\"og:type\" content=\"article\" \/>\n<meta property=\"og:title\" content=\"Sosyal Medya Hesaplar\u0131 - Uzm. Dr. Emre KARAA\u011eA\u00c7\" \/>\n<meta property=\"og:description\" content=\"Hasta, tetkik vb. dan\u0131\u015fmak i\u00e7in sosyal medya hesaplar\u0131n\u0131 takip edebilir, ileti\u015fime ge\u00e7ebilir bilgilendirme videolar\u0131n\u0131 izleyebilirsiniz.\" \/>\n<meta property=\"og:url\" content=\"https:\/\/dremrekaraagac.com\/?page_id=71\" \/>\n<meta property=\"og:site_name\" content=\"Uzm. Dr. Emre KARAA\u011eA\u00c7\" \/>\n<meta property=\"article:modified_time\" content=\"2025-06-08T14:44:50+00:00\" \/>\n<meta property=\"og:image\" content=\"https:\/\/dremrekaraagac.com\/wp-content\/uploads\/2024\/11\/sosyal-medya-hesap-logolarinin-bir-masa-ustunde-bilgisayar-yaninda-daginik-yerlesimi-e1732709397140.jpeg\" \/>\n\t<meta property=\"og:image:width\" content=\"2048\" \/>\n\t<meta property=\"og:image:height\" content=\"1250\" \/>\n\t<meta property=\"og:image:type\" content=\"image\/jpeg\" \/>\n<meta name=\"twitter:card\" content=\"summary_large_image\" \/>\n<meta name=\"twitter:label1\" content=\"Tahmini okuma s\u00fcresi\" \/>\n\t<meta name=\"twitter:data1\" content=\"1 dakika\" \/>\n<script type=\"application\/ld+json\" class=\"yoast-schema-graph\">{\"@context\":\"https:\/\/schema.org\",\"@graph\":[{\"@type\":\"WebPage\",\"@id\":\"https:\/\/dremrekaraagac.com\/?page_id=71\",\"url\":\"https:\/\/dremrekaraagac.com\/?page_id=71\",\"name\":\"Sosyal Medya Hesaplar\u0131 - Uzm. Dr. Emre KARAA\u011eA\u00c7\",\"isPartOf\":{\"@id\":\"https:\/\/dremrekaraagac.com\/#website\"},\"primaryImageOfPage\":{\"@id\":\"https:\/\/dremrekaraagac.com\/?page_id=71#primaryimage\"},\"image\":{\"@id\":\"https:\/\/dremrekaraagac.com\/?page_id=71#primaryimage\"},\"thumbnailUrl\":\"https:\/\/dremrekaraagac.com\/wp-content\/uploads\/2024\/11\/sosyal-medya-hesap-logolarinin-bir-masa-ustunde-bilgisayar-yaninda-daginik-yerlesimi-e1732709397140.jpeg\",\"datePublished\":\"2024-11-24T16:53:37+00:00\",\"dateModified\":\"2025-06-08T14:44:50+00:00\",\"description\":\"Hasta, tetkik vb. dan\u0131\u015fmak i\u00e7in sosyal medya hesaplar\u0131n\u0131 takip edebilir, ileti\u015fime ge\u00e7ebilir bilgilendirme videolar\u0131n\u0131 izleyebilirsiniz.\",\"breadcrumb\":{\"@id\":\"https:\/\/dremrekaraagac.com\/?page_id=71#breadcrumb\"},\"inLanguage\":\"tr\",\"potentialAction\":[{\"@type\":\"ReadAction\",\"target\":[\"https:\/\/dremrekaraagac.com\/?page_id=71\"]}]},{\"@type\":\"ImageObject\",\"inLanguage\":\"tr\",\"@id\":\"https:\/\/dremrekaraagac.com\/?page_id=71#primaryimage\",\"url\":\"https:\/\/dremrekaraagac.com\/wp-content\/uploads\/2024\/11\/sosyal-medya-hesap-logolarinin-bir-masa-ustunde-bilgisayar-yaninda-daginik-yerlesimi-e1732709397140.jpeg\",\"contentUrl\":\"https:\/\/dremrekaraagac.com\/wp-content\/uploads\/2024\/11\/sosyal-medya-hesap-logolarinin-bir-masa-ustunde-bilgisayar-yaninda-daginik-yerlesimi-e1732709397140.jpeg\",\"width\":2048,\"height\":1250},{\"@type\":\"BreadcrumbList\",\"@id\":\"https:\/\/dremrekaraagac.com\/?page_id=71#breadcrumb\",\"itemListElement\":[{\"@type\":\"ListItem\",\"position\":1,\"name\":\"Anasayfa\",\"item\":\"https:\/\/dremrekaraagac.com\/\"},{\"@type\":\"ListItem\",\"position\":2,\"name\":\"Sosyal Medya Hesaplar\u0131\"}]},{\"@type\":\"WebSite\",\"@id\":\"https:\/\/dremrekaraagac.com\/#website\",\"url\":\"https:\/\/dremrekaraagac.com\/\",\"name\":\"Uzm. Dr. Emre KARAA\u011eA\u00c7\",\"description\":\"\u00c7ocuk Sa\u011fl\u0131\u011f\u0131 Ve Hastal\u0131klar\u0131 Uzman\u0131, En \u0130yi \u00c7ocuk Doktoru\",\"potentialAction\":[{\"@type\":\"SearchAction\",\"target\":{\"@type\":\"EntryPoint\",\"urlTemplate\":\"https:\/\/dremrekaraagac.com\/?s={search_term_string}\"},\"query-input\":{\"@type\":\"PropertyValueSpecification\",\"valueRequired\":true,\"valueName\":\"search_term_string\"}}],\"inLanguage\":\"tr\"}]}<\/script>\n<!-- \/ Yoast SEO plugin. -->","yoast_head_json":{"title":"Sosyal Medya Hesaplar\u0131 - Uzm. Dr. Emre KARAA\u011eA\u00c7","description":"Hasta, tetkik vb. dan\u0131\u015fmak i\u00e7in sosyal medya hesaplar\u0131n\u0131 takip edebilir, ileti\u015fime ge\u00e7ebilir bilgilendirme videolar\u0131n\u0131 izleyebilirsiniz.","robots":{"index":"index","follow":"follow","max-snippet":"max-snippet:-1","max-image-preview":"max-image-preview:large","max-video-preview":"max-video-preview:-1"},"canonical":"https:\/\/dremrekaraagac.com\/?page_id=71","og_locale":"tr_TR","og_type":"article","og_title":"Sosyal Medya Hesaplar\u0131 - Uzm. Dr. Emre KARAA\u011eA\u00c7","og_description":"Hasta, tetkik vb. dan\u0131\u015fmak i\u00e7in sosyal medya hesaplar\u0131n\u0131 takip edebilir, ileti\u015fime ge\u00e7ebilir bilgilendirme videolar\u0131n\u0131 izleyebilirsiniz.","og_url":"https:\/\/dremrekaraagac.com\/?page_id=71","og_site_name":"Uzm. Dr. Emre KARAA\u011eA\u00c7","article_modified_time":"2025-06-08T14:44:50+00:00","og_image":[{"width":2048,"height":1250,"url":"https:\/\/dremrekaraagac.com\/wp-content\/uploads\/2024\/11\/sosyal-medya-hesap-logolarinin-bir-masa-ustunde-bilgisayar-yaninda-daginik-yerlesimi-e1732709397140.jpeg","type":"image\/jpeg"}],"twitter_card":"summary_large_image","twitter_misc":{"Tahmini okuma s\u00fcresi":"1 dakika"},"schema":{"@context":"https:\/\/schema.org","@graph":[{"@type":"WebPage","@id":"https:\/\/dremrekaraagac.com\/?page_id=71","url":"https:\/\/dremrekaraagac.com\/?page_id=71","name":"Sosyal Medya Hesaplar\u0131 - Uzm. Dr. Emre KARAA\u011eA\u00c7","isPartOf":{"@id":"https:\/\/dremrekaraagac.com\/#website"},"primaryImageOfPage":{"@id":"https:\/\/dremrekaraagac.com\/?page_id=71#primaryimage"},"image":{"@id":"https:\/\/dremrekaraagac.com\/?page_id=71#primaryimage"},"thumbnailUrl":"https:\/\/dremrekaraagac.com\/wp-content\/uploads\/2024\/11\/sosyal-medya-hesap-logolarinin-bir-masa-ustunde-bilgisayar-yaninda-daginik-yerlesimi-e1732709397140.jpeg","datePublished":"2024-11-24T16:53:37+00:00","dateModified":"2025-06-08T14:44:50+00:00","description":"Hasta, tetkik vb. dan\u0131\u015fmak i\u00e7in sosyal medya hesaplar\u0131n\u0131 takip edebilir, ileti\u015fime ge\u00e7ebilir bilgilendirme videolar\u0131n\u0131 izleyebilirsiniz.","breadcrumb":{"@id":"https:\/\/dremrekaraagac.com\/?page_id=71#breadcrumb"},"inLanguage":"tr","potentialAction":[{"@type":"ReadAction","target":["https:\/\/dremrekaraagac.com\/?page_id=71"]}]},{"@type":"ImageObject","inLanguage":"tr","@id":"https:\/\/dremrekaraagac.com\/?page_id=71#primaryimage","url":"https:\/\/dremrekaraagac.com\/wp-content\/uploads\/2024\/11\/sosyal-medya-hesap-logolarinin-bir-masa-ustunde-bilgisayar-yaninda-daginik-yerlesimi-e1732709397140.jpeg","contentUrl":"https:\/\/dremrekaraagac.com\/wp-content\/uploads\/2024\/11\/sosyal-medya-hesap-logolarinin-bir-masa-ustunde-bilgisayar-yaninda-daginik-yerlesimi-e1732709397140.jpeg","width":2048,"height":1250},{"@type":"BreadcrumbList","@id":"https:\/\/dremrekaraagac.com\/?page_id=71#breadcrumb","itemListElement":[{"@type":"ListItem","position":1,"name":"Anasayfa","item":"https:\/\/dremrekaraagac.com\/"},{"@type":"ListItem","position":2,"name":"Sosyal Medya Hesaplar\u0131"}]},{"@type":"WebSite","@id":"https:\/\/dremrekaraagac.com\/#website","url":"https:\/\/dremrekaraagac.com\/","name":"Uzm. Dr. Emre KARAA\u011eA\u00c7","description":"\u00c7ocuk Sa\u011fl\u0131\u011f\u0131 Ve Hastal\u0131klar\u0131 Uzman\u0131, En \u0130yi \u00c7ocuk Doktoru","potentialAction":[{"@type":"SearchAction","target":{"@type":"EntryPoint","urlTemplate":"https:\/\/dremrekaraagac.com\/?s={search_term_string}"},"query-input":{"@type":"PropertyValueSpecification","valueRequired":true,"valueName":"search_term_string"}}],"inLanguage":"tr"}]}},"_links":{"self":[{"href":"https:\/\/dremrekaraagac.com\/index.php?rest_route=\/wp\/v2\/pages\/71","targetHints":{"allow":["GET"]}}],"collection":[{"href":"https:\/\/dremrekaraagac.com\/index.php?rest_route=\/wp\/v2\/pages"}],"about":[{"href":"https:\/\/dremrekaraagac.com\/index.php?rest_route=\/wp\/v2\/types\/page"}],"author":[{"embeddable":true,"href":"https:\/\/dremrekaraagac.com\/index.php?rest_route=\/wp\/v2\/users\/1"}],"replies":[{"embeddable":true,"href":"https:\/\/dremrekaraagac.com\/index.php?rest_route=%2Fwp%2Fv2%2Fcomments&post=71"}],"version-history":[{"count":5,"href":"https:\/\/dremrekaraagac.com\/index.php?rest_route=\/wp\/v2\/pages\/71\/revisions"}],"predecessor-version":[{"id":2160,"href":"https:\/\/dremrekaraagac.com\/index.php?rest_route=\/wp\/v2\/pages\/71\/revisions\/2160"}],"wp:featuredmedia":[{"embeddable":true,"href":"https:\/\/dremrekaraagac.com\/index.php?rest_route=\/wp\/v2\/media\/174"}],"wp:attachment":[{"href":"https:\/\/dremrekaraagac.com\/index.php?rest_route=%2Fwp%2Fv2%2Fmedia&parent=71"}],"curies":[{"name":"wp","href":"https:\/\/api.w.org\/{rel}","templated":true}]}}