{"id":1999,"date":"2025-05-10T07:44:36","date_gmt":"2025-05-10T07:44:36","guid":{"rendered":"https:\/\/dremrekaraagac.com\/?page_id=1999"},"modified":"2025-08-09T12:30:00","modified_gmt":"2025-08-09T12:30:00","slug":"sertifikalarim","status":"publish","type":"page","link":"https:\/\/dremrekaraagac.com\/?page_id=1999","title":{"rendered":"Sertifikalar\u0131m"},"content":{"rendered":"<p><span style=\"color: #3366ff;\"><em><strong>NEONATAL RES\u00dcS\u0130TASYON PROGRAMI UYGULAYICI SERT\u0130F\u0130KASI (NRP)<\/strong><\/em><\/span><\/p>\n<p><img loading=\"lazy\" decoding=\"async\" class=\"alignnone size-full wp-image-2170\" src=\"https:\/\/dremrekaraagac.com\/wp-content\/uploads\/2025\/08\/WhatsApp-Image-2025-08-09-at-15.21.10.jpeg\" alt=\"\" width=\"1600\" height=\"1164\" srcset=\"https:\/\/dremrekaraagac.com\/wp-content\/uploads\/2025\/08\/WhatsApp-Image-2025-08-09-at-15.21.10.jpeg 1600w, https:\/\/dremrekaraagac.com\/wp-content\/uploads\/2025\/08\/WhatsApp-Image-2025-08-09-at-15.21.10-300x218.jpeg 300w, https:\/\/dremrekaraagac.com\/wp-content\/uploads\/2025\/08\/WhatsApp-Image-2025-08-09-at-15.21.10-1024x745.jpeg 1024w, https:\/\/dremrekaraagac.com\/wp-content\/uploads\/2025\/08\/WhatsApp-Image-2025-08-09-at-15.21.10-768x559.jpeg 768w, https:\/\/dremrekaraagac.com\/wp-content\/uploads\/2025\/08\/WhatsApp-Image-2025-08-09-at-15.21.10-1536x1117.jpeg 1536w\" sizes=\"auto, (max-width: 1600px) 100vw, 1600px\" \/><\/p>\n<p><span style=\"color: #3366ff;\"><em><strong>\u00c7OCUKLARDA \u0130LER\u0130 YA\u015eAM DESTE\u011e\u0130<\/strong><\/em><\/span><\/p>\n<p><img loading=\"lazy\" decoding=\"async\" class=\"alignnone size-full wp-image-2169\" src=\"https:\/\/dremrekaraagac.com\/wp-content\/uploads\/2025\/08\/WhatsApp-Image-2025-08-09-at-15.20.42.jpeg\" alt=\"\" width=\"1600\" height=\"1123\" srcset=\"https:\/\/dremrekaraagac.com\/wp-content\/uploads\/2025\/08\/WhatsApp-Image-2025-08-09-at-15.20.42.jpeg 1600w, https:\/\/dremrekaraagac.com\/wp-content\/uploads\/2025\/08\/WhatsApp-Image-2025-08-09-at-15.20.42-300x211.jpeg 300w, https:\/\/dremrekaraagac.com\/wp-content\/uploads\/2025\/08\/WhatsApp-Image-2025-08-09-at-15.20.42-1024x719.jpeg 1024w, https:\/\/dremrekaraagac.com\/wp-content\/uploads\/2025\/08\/WhatsApp-Image-2025-08-09-at-15.20.42-768x539.jpeg 768w, https:\/\/dremrekaraagac.com\/wp-content\/uploads\/2025\/08\/WhatsApp-Image-2025-08-09-at-15.20.42-1536x1078.jpeg 1536w\" sizes=\"auto, (max-width: 1600px) 100vw, 1600px\" \/><\/p>\n<p><em><strong><span style=\"color: #3366ff;\">HACAMAT-KUPA UYGULAMA SERT\u0130F\u0130KASI<\/span><\/strong><\/em><\/p>\n<p><img loading=\"lazy\" decoding=\"async\" class=\"alignnone size-full wp-image-2001\" src=\"https:\/\/dremrekaraagac.com\/wp-content\/uploads\/2025\/05\/WhatsApp-Image-2022-05-23-at-23.40.07.jpeg\" alt=\"\" width=\"1628\" height=\"1120\" srcset=\"https:\/\/dremrekaraagac.com\/wp-content\/uploads\/2025\/05\/WhatsApp-Image-2022-05-23-at-23.40.07.jpeg 1628w, https:\/\/dremrekaraagac.com\/wp-content\/uploads\/2025\/05\/WhatsApp-Image-2022-05-23-at-23.40.07-300x206.jpeg 300w, https:\/\/dremrekaraagac.com\/wp-content\/uploads\/2025\/05\/WhatsApp-Image-2022-05-23-at-23.40.07-1024x704.jpeg 1024w, https:\/\/dremrekaraagac.com\/wp-content\/uploads\/2025\/05\/WhatsApp-Image-2022-05-23-at-23.40.07-768x528.jpeg 768w, https:\/\/dremrekaraagac.com\/wp-content\/uploads\/2025\/05\/WhatsApp-Image-2022-05-23-at-23.40.07-1536x1057.jpeg 1536w\" sizes=\"auto, (max-width: 1628px) 100vw, 1628px\" \/><\/p>\n<p><span style=\"color: #3366ff;\"><em><strong>EMZ\u0130RME DANI\u015eMANLI\u011eI SERT\u0130F\u0130KASI<\/strong><\/em><\/span><\/p>\n<p><img loading=\"lazy\" decoding=\"async\" class=\"alignnone size-full wp-image-2003\" src=\"https:\/\/dremrekaraagac.com\/wp-content\/uploads\/2025\/05\/emzirme-danismanligi_page-0001-scaled.jpg\" alt=\"\" width=\"2560\" height=\"1824\" srcset=\"https:\/\/dremrekaraagac.com\/wp-content\/uploads\/2025\/05\/emzirme-danismanligi_page-0001-scaled.jpg 2560w, https:\/\/dremrekaraagac.com\/wp-content\/uploads\/2025\/05\/emzirme-danismanligi_page-0001-300x214.jpg 300w, https:\/\/dremrekaraagac.com\/wp-content\/uploads\/2025\/05\/emzirme-danismanligi_page-0001-1024x729.jpg 1024w, https:\/\/dremrekaraagac.com\/wp-content\/uploads\/2025\/05\/emzirme-danismanligi_page-0001-768x547.jpg 768w, https:\/\/dremrekaraagac.com\/wp-content\/uploads\/2025\/05\/emzirme-danismanligi_page-0001-1536x1094.jpg 1536w, https:\/\/dremrekaraagac.com\/wp-content\/uploads\/2025\/05\/emzirme-danismanligi_page-0001-2048x1459.jpg 2048w\" sizes=\"auto, (max-width: 2560px) 100vw, 2560px\" \/><\/p>\n<p><em><strong><span style=\"color: #3366ff;\">\u00c7OCUKLARDA BESLENME SERT\u0130F\u0130KASI<\/span><\/strong><\/em><\/p>\n<p><img loading=\"lazy\" decoding=\"async\" class=\"alignnone size-full wp-image-2004\" src=\"https:\/\/dremrekaraagac.com\/wp-content\/uploads\/2025\/05\/435909GE1092348-turkce_page-0001.jpg\" alt=\"\" width=\"1754\" height=\"1241\" srcset=\"https:\/\/dremrekaraagac.com\/wp-content\/uploads\/2025\/05\/435909GE1092348-turkce_page-0001.jpg 1754w, https:\/\/dremrekaraagac.com\/wp-content\/uploads\/2025\/05\/435909GE1092348-turkce_page-0001-300x212.jpg 300w, https:\/\/dremrekaraagac.com\/wp-content\/uploads\/2025\/05\/435909GE1092348-turkce_page-0001-1024x725.jpg 1024w, https:\/\/dremrekaraagac.com\/wp-content\/uploads\/2025\/05\/435909GE1092348-turkce_page-0001-768x543.jpg 768w, https:\/\/dremrekaraagac.com\/wp-content\/uploads\/2025\/05\/435909GE1092348-turkce_page-0001-1536x1087.jpg 1536w\" sizes=\"auto, (max-width: 1754px) 100vw, 1754px\" \/><\/p>\n<p><span style=\"color: #3366ff;\"><em><strong>YO\u011eUN BAKIM \u00dcN\u0130TES\u0130NDE KR\u0130T\u0130K HASTA BAKIMI VE TEMEL \u0130LKELER\u0130<\/strong><\/em><\/span><\/p>\n<p><img loading=\"lazy\" decoding=\"async\" class=\"alignnone size-full wp-image-2050\" src=\"https:\/\/dremrekaraagac.com\/wp-content\/uploads\/2025\/05\/emre-scaled.jpg\" alt=\"\" width=\"2560\" height=\"1823\" srcset=\"https:\/\/dremrekaraagac.com\/wp-content\/uploads\/2025\/05\/emre-scaled.jpg 2560w, https:\/\/dremrekaraagac.com\/wp-content\/uploads\/2025\/05\/emre-300x214.jpg 300w, https:\/\/dremrekaraagac.com\/wp-content\/uploads\/2025\/05\/emre-1024x729.jpg 1024w, https:\/\/dremrekaraagac.com\/wp-content\/uploads\/2025\/05\/emre-768x547.jpg 768w, https:\/\/dremrekaraagac.com\/wp-content\/uploads\/2025\/05\/emre-1536x1094.jpg 1536w, https:\/\/dremrekaraagac.com\/wp-content\/uploads\/2025\/05\/emre-2048x1459.jpg 2048w\" sizes=\"auto, (max-width: 2560px) 100vw, 2560px\" \/><\/p>\n<p><span style=\"color: #3366ff;\"><em><strong>SA\u011eLIK KURUMLARI \u0130\u015eLETMEC\u0130L\u0130\u011e\u0130<\/strong><\/em><\/span><\/p>\n<p><img loading=\"lazy\" decoding=\"async\" class=\"alignnone size-full wp-image-2058\" src=\"https:\/\/dremrekaraagac.com\/wp-content\/uploads\/2025\/05\/SA_LIK_KURUMLARI___LETMEC_L___-EMRE_KARAA_A_-TR_page-0001-scaled.jpg\" alt=\"\" width=\"2560\" height=\"1712\" srcset=\"https:\/\/dremrekaraagac.com\/wp-content\/uploads\/2025\/05\/SA_LIK_KURUMLARI___LETMEC_L___-EMRE_KARAA_A_-TR_page-0001-scaled.jpg 2560w, https:\/\/dremrekaraagac.com\/wp-content\/uploads\/2025\/05\/SA_LIK_KURUMLARI___LETMEC_L___-EMRE_KARAA_A_-TR_page-0001-300x201.jpg 300w, https:\/\/dremrekaraagac.com\/wp-content\/uploads\/2025\/05\/SA_LIK_KURUMLARI___LETMEC_L___-EMRE_KARAA_A_-TR_page-0001-1024x685.jpg 1024w, https:\/\/dremrekaraagac.com\/wp-content\/uploads\/2025\/05\/SA_LIK_KURUMLARI___LETMEC_L___-EMRE_KARAA_A_-TR_page-0001-768x513.jpg 768w, https:\/\/dremrekaraagac.com\/wp-content\/uploads\/2025\/05\/SA_LIK_KURUMLARI___LETMEC_L___-EMRE_KARAA_A_-TR_page-0001-1536x1027.jpg 1536w, https:\/\/dremrekaraagac.com\/wp-content\/uploads\/2025\/05\/SA_LIK_KURUMLARI___LETMEC_L___-EMRE_KARAA_A_-TR_page-0001-2048x1369.jpg 2048w\" sizes=\"auto, (max-width: 2560px) 100vw, 2560px\" \/><\/p>\n<p><em><strong><span style=\"color: #3366ff;\">OT\u0130Z\u0130M FARKINDALIK E\u011e\u0130T\u0130M\u0130 SERT\u0130F\u0130KASI<\/span><\/strong><\/em><\/p>\n<p><img loading=\"lazy\" decoding=\"async\" class=\"alignnone size-full wp-image-2002\" src=\"https:\/\/dremrekaraagac.com\/wp-content\/uploads\/2025\/05\/Otizm-Farkindalik-Egitimi-Turkce-Sertifika_page-0001.jpg\" alt=\"\" width=\"1907\" height=\"1305\" srcset=\"https:\/\/dremrekaraagac.com\/wp-content\/uploads\/2025\/05\/Otizm-Farkindalik-Egitimi-Turkce-Sertifika_page-0001.jpg 1907w, https:\/\/dremrekaraagac.com\/wp-content\/uploads\/2025\/05\/Otizm-Farkindalik-Egitimi-Turkce-Sertifika_page-0001-300x205.jpg 300w, https:\/\/dremrekaraagac.com\/wp-content\/uploads\/2025\/05\/Otizm-Farkindalik-Egitimi-Turkce-Sertifika_page-0001-1024x701.jpg 1024w, https:\/\/dremrekaraagac.com\/wp-content\/uploads\/2025\/05\/Otizm-Farkindalik-Egitimi-Turkce-Sertifika_page-0001-768x526.jpg 768w, https:\/\/dremrekaraagac.com\/wp-content\/uploads\/2025\/05\/Otizm-Farkindalik-Egitimi-Turkce-Sertifika_page-0001-1536x1051.jpg 1536w\" sizes=\"auto, (max-width: 1907px) 100vw, 1907px\" \/><\/p>\n<p><em><strong><span style=\"color: #3366ff;\">\u00c7OCUK BAKIMI SERT\u0130F\u0130KASI<\/span><\/strong><\/em><\/p>\n<p><img loading=\"lazy\" decoding=\"async\" class=\"alignnone size-full wp-image-2005\" src=\"https:\/\/dremrekaraagac.com\/wp-content\/uploads\/2025\/05\/435909GE1092306-turkce_page-0001.jpg\" alt=\"\" width=\"1754\" height=\"1241\" srcset=\"https:\/\/dremrekaraagac.com\/wp-content\/uploads\/2025\/05\/435909GE1092306-turkce_page-0001.jpg 1754w, https:\/\/dremrekaraagac.com\/wp-content\/uploads\/2025\/05\/435909GE1092306-turkce_page-0001-300x212.jpg 300w, https:\/\/dremrekaraagac.com\/wp-content\/uploads\/2025\/05\/435909GE1092306-turkce_page-0001-1024x725.jpg 1024w, https:\/\/dremrekaraagac.com\/wp-content\/uploads\/2025\/05\/435909GE1092306-turkce_page-0001-768x543.jpg 768w, https:\/\/dremrekaraagac.com\/wp-content\/uploads\/2025\/05\/435909GE1092306-turkce_page-0001-1536x1087.jpg 1536w\" sizes=\"auto, (max-width: 1754px) 100vw, 1754px\" \/><\/p>\n<p><span style=\"color: #3366ff;\"><em><strong>OYUN TERAP\u0130S\u0130 E\u011e\u0130T\u0130M\u0130<\/strong><\/em><\/span><\/p>\n<p><img loading=\"lazy\" decoding=\"async\" class=\"alignnone size-full wp-image-2059\" src=\"https:\/\/dremrekaraagac.com\/wp-content\/uploads\/2025\/05\/OYUN_TERAP_S__E__T_M_-EMRE_KARAA_A_-TR_page-0001-scaled.jpg\" alt=\"\" width=\"2560\" height=\"1712\" srcset=\"https:\/\/dremrekaraagac.com\/wp-content\/uploads\/2025\/05\/OYUN_TERAP_S__E__T_M_-EMRE_KARAA_A_-TR_page-0001-scaled.jpg 2560w, https:\/\/dremrekaraagac.com\/wp-content\/uploads\/2025\/05\/OYUN_TERAP_S__E__T_M_-EMRE_KARAA_A_-TR_page-0001-300x201.jpg 300w, https:\/\/dremrekaraagac.com\/wp-content\/uploads\/2025\/05\/OYUN_TERAP_S__E__T_M_-EMRE_KARAA_A_-TR_page-0001-1024x685.jpg 1024w, https:\/\/dremrekaraagac.com\/wp-content\/uploads\/2025\/05\/OYUN_TERAP_S__E__T_M_-EMRE_KARAA_A_-TR_page-0001-768x513.jpg 768w, https:\/\/dremrekaraagac.com\/wp-content\/uploads\/2025\/05\/OYUN_TERAP_S__E__T_M_-EMRE_KARAA_A_-TR_page-0001-1536x1027.jpg 1536w, https:\/\/dremrekaraagac.com\/wp-content\/uploads\/2025\/05\/OYUN_TERAP_S__E__T_M_-EMRE_KARAA_A_-TR_page-0001-2048x1369.jpg 2048w\" sizes=\"auto, (max-width: 2560px) 100vw, 2560px\" \/><\/p>\n","protected":false},"excerpt":{"rendered":"<p>NEONATAL RES\u00dcS\u0130TASYON PROGRAMI UYGULAYICI SERT\u0130F\u0130KASI (NRP) \u00c7OCUKLARDA \u0130LER\u0130 YA\u015eAM DESTE\u011e\u0130 HACAMAT-KUPA UYGULAMA SERT\u0130F\u0130KASI EMZ\u0130RME DANI\u015eMANLI\u011eI SERT\u0130F\u0130KASI \u00c7OCUKLARDA BESLENME SERT\u0130F\u0130KASI YO\u011eUN BAKIM \u00dcN\u0130TES\u0130NDE KR\u0130T\u0130K HASTA BAKIMI VE TEMEL \u0130LKELER\u0130 SA\u011eLIK KURUMLARI \u0130\u015eLETMEC\u0130L\u0130\u011e\u0130 OT\u0130Z\u0130M FARKINDALIK E\u011e\u0130T\u0130M\u0130 SERT\u0130F\u0130KASI \u00c7OCUK BAKIMI SERT\u0130F\u0130KASI OYUN TERAP\u0130S\u0130 E\u011e\u0130T\u0130M\u0130<\/p>\n","protected":false},"author":1,"featured_media":2007,"parent":0,"menu_order":0,"comment_status":"closed","ping_status":"closed","template":"","meta":{"neve_meta_sidebar":"","neve_meta_container":"","neve_meta_enable_content_width":"off","neve_meta_content_width":100,"neve_meta_title_alignment":"","neve_meta_author_avatar":"","neve_post_elements_order":"","neve_meta_disable_header":"","neve_meta_disable_footer":"","neve_meta_disable_title":"","footnotes":""},"class_list":["post-1999","page","type-page","status-publish","has-post-thumbnail","hentry"],"yoast_head":"<!-- This site is optimized with the Yoast SEO plugin v26.1.1 - https:\/\/yoast.com\/wordpress\/plugins\/seo\/ -->\n<title>Sertifikalar\u0131m - Uzm. Dr. Emre KARAA\u011eA\u00c7<\/title>\n<meta name=\"description\" content=\"Alan\u0131mla ilgili hekimlik d\u0131\u015f\u0131nda ald\u0131\u011f\u0131m e\u011fitimler, ve bu e\u011fitimlerin siteleri \u00fczerinden do\u011frulamalar\u0131n\u0131 yapabilece\u011finiz sertifikalar\u0131m\" \/>\n<meta name=\"robots\" content=\"index, follow, max-snippet:-1, max-image-preview:large, max-video-preview:-1\" \/>\n<link rel=\"canonical\" href=\"https:\/\/dremrekaraagac.com\/?page_id=1999\" \/>\n<meta property=\"og:locale\" content=\"tr_TR\" \/>\n<meta property=\"og:type\" content=\"article\" \/>\n<meta property=\"og:title\" content=\"Sertifikalar\u0131m - Uzm. Dr. Emre KARAA\u011eA\u00c7\" \/>\n<meta property=\"og:description\" content=\"Alan\u0131mla ilgili hekimlik d\u0131\u015f\u0131nda ald\u0131\u011f\u0131m e\u011fitimler, ve bu e\u011fitimlerin siteleri \u00fczerinden do\u011frulamalar\u0131n\u0131 yapabilece\u011finiz sertifikalar\u0131m\" \/>\n<meta property=\"og:url\" content=\"https:\/\/dremrekaraagac.com\/?page_id=1999\" \/>\n<meta property=\"og:site_name\" content=\"Uzm. Dr. Emre KARAA\u011eA\u00c7\" \/>\n<meta property=\"article:modified_time\" content=\"2025-08-09T12:30:00+00:00\" \/>\n<meta property=\"og:image\" content=\"https:\/\/dremrekaraagac.com\/wp-content\/uploads\/2025\/05\/ChatGPT-Image-10-May-2025-10_41_09.jpg\" \/>\n\t<meta property=\"og:image:width\" content=\"1536\" \/>\n\t<meta property=\"og:image:height\" content=\"1024\" \/>\n\t<meta property=\"og:image:type\" content=\"image\/jpeg\" \/>\n<meta name=\"twitter:card\" content=\"summary_large_image\" \/>\n<meta name=\"twitter:label1\" content=\"Tahmini okuma s\u00fcresi\" \/>\n\t<meta name=\"twitter:data1\" content=\"3 dakika\" \/>\n<script type=\"application\/ld+json\" class=\"yoast-schema-graph\">{\"@context\":\"https:\/\/schema.org\",\"@graph\":[{\"@type\":\"WebPage\",\"@id\":\"https:\/\/dremrekaraagac.com\/?page_id=1999\",\"url\":\"https:\/\/dremrekaraagac.com\/?page_id=1999\",\"name\":\"Sertifikalar\u0131m - Uzm. Dr. Emre KARAA\u011eA\u00c7\",\"isPartOf\":{\"@id\":\"https:\/\/dremrekaraagac.com\/#website\"},\"primaryImageOfPage\":{\"@id\":\"https:\/\/dremrekaraagac.com\/?page_id=1999#primaryimage\"},\"image\":{\"@id\":\"https:\/\/dremrekaraagac.com\/?page_id=1999#primaryimage\"},\"thumbnailUrl\":\"https:\/\/dremrekaraagac.com\/wp-content\/uploads\/2025\/05\/ChatGPT-Image-10-May-2025-10_41_09.jpg\",\"datePublished\":\"2025-05-10T07:44:36+00:00\",\"dateModified\":\"2025-08-09T12:30:00+00:00\",\"description\":\"Alan\u0131mla ilgili hekimlik d\u0131\u015f\u0131nda ald\u0131\u011f\u0131m e\u011fitimler, ve bu e\u011fitimlerin siteleri \u00fczerinden do\u011frulamalar\u0131n\u0131 yapabilece\u011finiz sertifikalar\u0131m\",\"breadcrumb\":{\"@id\":\"https:\/\/dremrekaraagac.com\/?page_id=1999#breadcrumb\"},\"inLanguage\":\"tr\",\"potentialAction\":[{\"@type\":\"ReadAction\",\"target\":[\"https:\/\/dremrekaraagac.com\/?page_id=1999\"]}]},{\"@type\":\"ImageObject\",\"inLanguage\":\"tr\",\"@id\":\"https:\/\/dremrekaraagac.com\/?page_id=1999#primaryimage\",\"url\":\"https:\/\/dremrekaraagac.com\/wp-content\/uploads\/2025\/05\/ChatGPT-Image-10-May-2025-10_41_09.jpg\",\"contentUrl\":\"https:\/\/dremrekaraagac.com\/wp-content\/uploads\/2025\/05\/ChatGPT-Image-10-May-2025-10_41_09.jpg\",\"width\":1536,\"height\":1024},{\"@type\":\"BreadcrumbList\",\"@id\":\"https:\/\/dremrekaraagac.com\/?page_id=1999#breadcrumb\",\"itemListElement\":[{\"@type\":\"ListItem\",\"position\":1,\"name\":\"Anasayfa\",\"item\":\"https:\/\/dremrekaraagac.com\/\"},{\"@type\":\"ListItem\",\"position\":2,\"name\":\"Sertifikalar\u0131m\"}]},{\"@type\":\"WebSite\",\"@id\":\"https:\/\/dremrekaraagac.com\/#website\",\"url\":\"https:\/\/dremrekaraagac.com\/\",\"name\":\"Uzm. Dr. Emre KARAA\u011eA\u00c7\",\"description\":\"\u00c7ocuk Sa\u011fl\u0131\u011f\u0131 Ve Hastal\u0131klar\u0131 Uzman\u0131, En \u0130yi \u00c7ocuk Doktoru\",\"potentialAction\":[{\"@type\":\"SearchAction\",\"target\":{\"@type\":\"EntryPoint\",\"urlTemplate\":\"https:\/\/dremrekaraagac.com\/?s={search_term_string}\"},\"query-input\":{\"@type\":\"PropertyValueSpecification\",\"valueRequired\":true,\"valueName\":\"search_term_string\"}}],\"inLanguage\":\"tr\"}]}<\/script>\n<!-- \/ Yoast SEO plugin. -->","yoast_head_json":{"title":"Sertifikalar\u0131m - Uzm. Dr. Emre KARAA\u011eA\u00c7","description":"Alan\u0131mla ilgili hekimlik d\u0131\u015f\u0131nda ald\u0131\u011f\u0131m e\u011fitimler, ve bu e\u011fitimlerin siteleri \u00fczerinden do\u011frulamalar\u0131n\u0131 yapabilece\u011finiz sertifikalar\u0131m","robots":{"index":"index","follow":"follow","max-snippet":"max-snippet:-1","max-image-preview":"max-image-preview:large","max-video-preview":"max-video-preview:-1"},"canonical":"https:\/\/dremrekaraagac.com\/?page_id=1999","og_locale":"tr_TR","og_type":"article","og_title":"Sertifikalar\u0131m - Uzm. Dr. Emre KARAA\u011eA\u00c7","og_description":"Alan\u0131mla ilgili hekimlik d\u0131\u015f\u0131nda ald\u0131\u011f\u0131m e\u011fitimler, ve bu e\u011fitimlerin siteleri \u00fczerinden do\u011frulamalar\u0131n\u0131 yapabilece\u011finiz sertifikalar\u0131m","og_url":"https:\/\/dremrekaraagac.com\/?page_id=1999","og_site_name":"Uzm. Dr. Emre KARAA\u011eA\u00c7","article_modified_time":"2025-08-09T12:30:00+00:00","og_image":[{"width":1536,"height":1024,"url":"https:\/\/dremrekaraagac.com\/wp-content\/uploads\/2025\/05\/ChatGPT-Image-10-May-2025-10_41_09.jpg","type":"image\/jpeg"}],"twitter_card":"summary_large_image","twitter_misc":{"Tahmini okuma s\u00fcresi":"3 dakika"},"schema":{"@context":"https:\/\/schema.org","@graph":[{"@type":"WebPage","@id":"https:\/\/dremrekaraagac.com\/?page_id=1999","url":"https:\/\/dremrekaraagac.com\/?page_id=1999","name":"Sertifikalar\u0131m - Uzm. Dr. Emre KARAA\u011eA\u00c7","isPartOf":{"@id":"https:\/\/dremrekaraagac.com\/#website"},"primaryImageOfPage":{"@id":"https:\/\/dremrekaraagac.com\/?page_id=1999#primaryimage"},"image":{"@id":"https:\/\/dremrekaraagac.com\/?page_id=1999#primaryimage"},"thumbnailUrl":"https:\/\/dremrekaraagac.com\/wp-content\/uploads\/2025\/05\/ChatGPT-Image-10-May-2025-10_41_09.jpg","datePublished":"2025-05-10T07:44:36+00:00","dateModified":"2025-08-09T12:30:00+00:00","description":"Alan\u0131mla ilgili hekimlik d\u0131\u015f\u0131nda ald\u0131\u011f\u0131m e\u011fitimler, ve bu e\u011fitimlerin siteleri \u00fczerinden do\u011frulamalar\u0131n\u0131 yapabilece\u011finiz sertifikalar\u0131m","breadcrumb":{"@id":"https:\/\/dremrekaraagac.com\/?page_id=1999#breadcrumb"},"inLanguage":"tr","potentialAction":[{"@type":"ReadAction","target":["https:\/\/dremrekaraagac.com\/?page_id=1999"]}]},{"@type":"ImageObject","inLanguage":"tr","@id":"https:\/\/dremrekaraagac.com\/?page_id=1999#primaryimage","url":"https:\/\/dremrekaraagac.com\/wp-content\/uploads\/2025\/05\/ChatGPT-Image-10-May-2025-10_41_09.jpg","contentUrl":"https:\/\/dremrekaraagac.com\/wp-content\/uploads\/2025\/05\/ChatGPT-Image-10-May-2025-10_41_09.jpg","width":1536,"height":1024},{"@type":"BreadcrumbList","@id":"https:\/\/dremrekaraagac.com\/?page_id=1999#breadcrumb","itemListElement":[{"@type":"ListItem","position":1,"name":"Anasayfa","item":"https:\/\/dremrekaraagac.com\/"},{"@type":"ListItem","position":2,"name":"Sertifikalar\u0131m"}]},{"@type":"WebSite","@id":"https:\/\/dremrekaraagac.com\/#website","url":"https:\/\/dremrekaraagac.com\/","name":"Uzm. Dr. Emre KARAA\u011eA\u00c7","description":"\u00c7ocuk Sa\u011fl\u0131\u011f\u0131 Ve Hastal\u0131klar\u0131 Uzman\u0131, En \u0130yi \u00c7ocuk Doktoru","potentialAction":[{"@type":"SearchAction","target":{"@type":"EntryPoint","urlTemplate":"https:\/\/dremrekaraagac.com\/?s={search_term_string}"},"query-input":{"@type":"PropertyValueSpecification","valueRequired":true,"valueName":"search_term_string"}}],"inLanguage":"tr"}]}},"_links":{"self":[{"href":"https:\/\/dremrekaraagac.com\/index.php?rest_route=\/wp\/v2\/pages\/1999","targetHints":{"allow":["GET"]}}],"collection":[{"href":"https:\/\/dremrekaraagac.com\/index.php?rest_route=\/wp\/v2\/pages"}],"about":[{"href":"https:\/\/dremrekaraagac.com\/index.php?rest_route=\/wp\/v2\/types\/page"}],"author":[{"embeddable":true,"href":"https:\/\/dremrekaraagac.com\/index.php?rest_route=\/wp\/v2\/users\/1"}],"replies":[{"embeddable":true,"href":"https:\/\/dremrekaraagac.com\/index.php?rest_route=%2Fwp%2Fv2%2Fcomments&post=1999"}],"version-history":[{"count":7,"href":"https:\/\/dremrekaraagac.com\/index.php?rest_route=\/wp\/v2\/pages\/1999\/revisions"}],"predecessor-version":[{"id":2171,"href":"https:\/\/dremrekaraagac.com\/index.php?rest_route=\/wp\/v2\/pages\/1999\/revisions\/2171"}],"wp:featuredmedia":[{"embeddable":true,"href":"https:\/\/dremrekaraagac.com\/index.php?rest_route=\/wp\/v2\/media\/2007"}],"wp:attachment":[{"href":"https:\/\/dremrekaraagac.com\/index.php?rest_route=%2Fwp%2Fv2%2Fmedia&parent=1999"}],"curies":[{"name":"wp","href":"https:\/\/api.w.org\/{rel}","templated":true}]}}