{"id":1612,"date":"2025-04-23T13:57:05","date_gmt":"2025-04-23T13:57:05","guid":{"rendered":"https:\/\/dremrekaraagac.com\/?page_id=1612"},"modified":"2025-05-18T12:51:25","modified_gmt":"2025-05-18T12:51:25","slug":"kisa-ders-notlari","status":"publish","type":"page","link":"https:\/\/dremrekaraagac.com\/?page_id=1612","title":{"rendered":"Pediatri Ders Notlar\u0131"},"content":{"rendered":"<p><em><strong><span style=\"color: #3366ff;\">BU B\u00d6L\u00dcM YAPIM A\u015eAMASINDADIR. BU NEDENLE EKS\u0130K B\u00d6L\u00dcMLER G\u00d6R\u00dcLEB\u0130L\u0130R. D\u00dcZELTMELER DEVAM ETMEKTED\u0130R.<\/span><\/strong><\/em><\/p>\n<p>YASAL UYARI: Kendim ve sa\u011fl\u0131k\u00e7\u0131 arkada\u015flar\u0131m i\u00e7in ald\u0131\u011f\u0131m notlard\u0131r. Buradaki uygulamalar g\u00fcncelli\u011fini yitirebilece\u011fi i\u00e7in klinik yakla\u015f\u0131m\u0131n\u0131zda g\u00fcncel klavuzlar\u0131n kullan\u0131m\u0131 \u00f6nerilir.\u00a0 Buradaki bilgiler nedeniyle olu\u015fabilecek sa\u011fl\u0131k problemleri ve yasal y\u00fck\u00fcml\u00fcl\u00fcklerden sorumlu de\u011filim.<\/p>\n<ul>\n<li><em><strong><a href=\"https:\/\/dremrekaraagac.com\/?p=1604\">Yenido\u011fan Notlar\u0131<\/a><\/strong><\/em><\/li>\n<li><a href=\"https:\/\/dremrekaraagac.com\/?p=1681\"><em><strong>\u00c7. Yo\u011fun Bak\u0131m <\/strong><\/em><em><strong>Notlar\u0131<\/strong><\/em><\/a><\/li>\n<li><a href=\"https:\/\/dremrekaraagac.com\/?p=1705\"><em><strong>\u00c7. Endokrinoloji Notlar\u0131<\/strong><\/em><\/a><\/li>\n<li><a href=\"https:\/\/dremrekaraagac.com\/?p=1764\"><em><strong>\u00c7. \u0130mm\u00fcnoloji Notlar\u0131<\/strong><\/em><\/a><\/li>\n<li><a href=\"https:\/\/dremrekaraagac.com\/?p=1686\"><em><strong>\u00c7. Hematoloji Notlar\u0131<\/strong><\/em><\/a><\/li>\n<li><a href=\"https:\/\/dremrekaraagac.com\/?p=1690\"><em><strong>\u00c7. N\u00f6roloji Notlar\u0131<\/strong><\/em><\/a><\/li>\n<li><a href=\"https:\/\/dremrekaraagac.com\/?p=1698\"><em><strong>\u00c7. Acil Notlar\u0131<\/strong><\/em><\/a><\/li>\n<li><a href=\"https:\/\/dremrekaraagac.com\/?p=1718\"><em><strong>\u00c7. Metabolizma Notlar\u0131<\/strong><\/em><\/a><\/li>\n<li><a href=\"https:\/\/dremrekaraagac.com\/?p=1723\"><em><strong>\u00c7. Enfeksiyon ve A\u015f\u0131lama Notlar\u0131<\/strong><\/em><\/a><\/li>\n<li><a href=\"https:\/\/dremrekaraagac.com\/?p=1727\"><em><strong>\u00c7. Gastroenteroloji Notlar\u0131<\/strong><\/em><\/a><\/li>\n<li><a href=\"https:\/\/dremrekaraagac.com\/?p=1740\"><em><strong>\u00c7. Romatoloji Notlar\u0131<\/strong><\/em><\/a><\/li>\n<li><a href=\"https:\/\/dremrekaraagac.com\/?p=1747\"><em><strong>\u00c7. Nefroloji Notlar\u0131<\/strong><\/em><\/a><\/li>\n<li><a href=\"https:\/\/dremrekaraagac.com\/?p=1753\"><em><strong>\u00c7. G\u00f6\u011f\u00fcs Notlar\u0131<\/strong><\/em><\/a><\/li>\n<li><a href=\"https:\/\/dremrekaraagac.com\/?p=1760\"><em><strong>\u00c7. Onkoloji Notlar\u0131<\/strong><\/em><\/a><\/li>\n<li><a href=\"https:\/\/dremrekaraagac.com\/?p=1768\"><em><strong>\u00c7. Alerji Notlar\u0131<\/strong><\/em><\/a><\/li>\n<li><a href=\"https:\/\/dremrekaraagac.com\/?p=1772\"><em><strong>\u00c7. Kardiyoloji Notlar\u0131<\/strong><\/em><\/a><\/li>\n<li><span style=\"color: #2252e3;\"><a style=\"color: #2252e3;\" href=\"https:\/\/dremrekaraagac.com\/?p=1983\"><em><strong>Genel Pediatri<\/strong><\/em><\/a><\/span><\/li>\n<\/ul>\n","protected":false},"excerpt":{"rendered":"<p>BU B\u00d6L\u00dcM YAPIM A\u015eAMASINDADIR. BU NEDENLE EKS\u0130K B\u00d6L\u00dcMLER G\u00d6R\u00dcLEB\u0130L\u0130R. D\u00dcZELTMELER DEVAM ETMEKTED\u0130R. YASAL UYARI: Kendim ve sa\u011fl\u0131k\u00e7\u0131 arkada\u015flar\u0131m i\u00e7in ald\u0131\u011f\u0131m notlard\u0131r. Buradaki uygulamalar g\u00fcncelli\u011fini yitirebilece\u011fi i\u00e7in klinik yakla\u015f\u0131m\u0131n\u0131zda g\u00fcncel klavuzlar\u0131n kullan\u0131m\u0131 \u00f6nerilir.\u00a0 Buradaki bilgiler nedeniyle olu\u015fabilecek sa\u011fl\u0131k problemleri ve yasal y\u00fck\u00fcml\u00fcl\u00fcklerden sorumlu de\u011filim. Yenido\u011fan Notlar\u0131 \u00c7. Yo\u011fun Bak\u0131m Notlar\u0131 \u00c7. Endokrinoloji Notlar\u0131 \u00c7. \u0130mm\u00fcnoloji Notlar\u0131&hellip;&nbsp;<a href=\"https:\/\/dremrekaraagac.com\/?page_id=1612\" rel=\"bookmark\">Daha fazlas\u0131n\u0131 oku &raquo;<span class=\"screen-reader-text\">Pediatri Ders Notlar\u0131<\/span><\/a><\/p>\n","protected":false},"author":1,"featured_media":1615,"parent":0,"menu_order":0,"comment_status":"closed","ping_status":"closed","template":"","meta":{"neve_meta_sidebar":"","neve_meta_container":"","neve_meta_enable_content_width":"off","neve_meta_content_width":100,"neve_meta_title_alignment":"","neve_meta_author_avatar":"","neve_post_elements_order":"","neve_meta_disable_header":"","neve_meta_disable_footer":"","neve_meta_disable_title":"","footnotes":""},"class_list":["post-1612","page","type-page","status-publish","has-post-thumbnail","hentry"],"yoast_head":"<!-- This site is optimized with the Yoast SEO plugin v26.1.1 - https:\/\/yoast.com\/wordpress\/plugins\/seo\/ -->\n<title>Pediatri Ders Notlar\u0131 - Uzm. Dr. Emre KARAA\u011eA\u00c7<\/title>\n<meta name=\"description\" content=\"Buradaki uygulamalar g\u00fcncelli\u011fini yitirebilece\u011fi i\u00e7in klinik yakla\u015f\u0131m\u0131n\u0131zda g\u00fcncel klavuzlar\u0131n kullan\u0131m\u0131 \u00f6nerilir.\" \/>\n<meta name=\"robots\" content=\"index, follow, max-snippet:-1, max-image-preview:large, max-video-preview:-1\" \/>\n<link rel=\"canonical\" href=\"https:\/\/dremrekaraagac.com\/?page_id=1612\" \/>\n<meta property=\"og:locale\" content=\"tr_TR\" \/>\n<meta property=\"og:type\" content=\"article\" \/>\n<meta property=\"og:title\" content=\"Pediatri Ders Notlar\u0131 - Uzm. Dr. Emre KARAA\u011eA\u00c7\" \/>\n<meta property=\"og:description\" content=\"Buradaki uygulamalar g\u00fcncelli\u011fini yitirebilece\u011fi i\u00e7in klinik yakla\u015f\u0131m\u0131n\u0131zda g\u00fcncel klavuzlar\u0131n kullan\u0131m\u0131 \u00f6nerilir.\" \/>\n<meta property=\"og:url\" content=\"https:\/\/dremrekaraagac.com\/?page_id=1612\" \/>\n<meta property=\"og:site_name\" content=\"Uzm. Dr. Emre KARAA\u011eA\u00c7\" \/>\n<meta property=\"article:modified_time\" content=\"2025-05-18T12:51:25+00:00\" \/>\n<meta property=\"og:image\" content=\"https:\/\/dremrekaraagac.com\/wp-content\/uploads\/2025\/04\/Adsiz-756-x-1080-piksel-1500-x-900-piksel-3-1.png\" \/>\n\t<meta property=\"og:image:width\" content=\"1500\" \/>\n\t<meta property=\"og:image:height\" content=\"900\" \/>\n\t<meta property=\"og:image:type\" content=\"image\/png\" \/>\n<meta name=\"twitter:card\" content=\"summary_large_image\" \/>\n<meta name=\"twitter:label1\" content=\"Tahmini okuma s\u00fcresi\" \/>\n\t<meta name=\"twitter:data1\" content=\"1 dakika\" \/>\n<script type=\"application\/ld+json\" class=\"yoast-schema-graph\">{\"@context\":\"https:\/\/schema.org\",\"@graph\":[{\"@type\":\"WebPage\",\"@id\":\"https:\/\/dremrekaraagac.com\/?page_id=1612\",\"url\":\"https:\/\/dremrekaraagac.com\/?page_id=1612\",\"name\":\"Pediatri Ders Notlar\u0131 - Uzm. Dr. Emre KARAA\u011eA\u00c7\",\"isPartOf\":{\"@id\":\"https:\/\/dremrekaraagac.com\/#website\"},\"primaryImageOfPage\":{\"@id\":\"https:\/\/dremrekaraagac.com\/?page_id=1612#primaryimage\"},\"image\":{\"@id\":\"https:\/\/dremrekaraagac.com\/?page_id=1612#primaryimage\"},\"thumbnailUrl\":\"https:\/\/dremrekaraagac.com\/wp-content\/uploads\/2025\/04\/Adsiz-756-x-1080-piksel-1500-x-900-piksel-3-1.png\",\"datePublished\":\"2025-04-23T13:57:05+00:00\",\"dateModified\":\"2025-05-18T12:51:25+00:00\",\"description\":\"Buradaki uygulamalar g\u00fcncelli\u011fini yitirebilece\u011fi i\u00e7in klinik yakla\u015f\u0131m\u0131n\u0131zda g\u00fcncel klavuzlar\u0131n kullan\u0131m\u0131 \u00f6nerilir.\",\"breadcrumb\":{\"@id\":\"https:\/\/dremrekaraagac.com\/?page_id=1612#breadcrumb\"},\"inLanguage\":\"tr\",\"potentialAction\":[{\"@type\":\"ReadAction\",\"target\":[\"https:\/\/dremrekaraagac.com\/?page_id=1612\"]}]},{\"@type\":\"ImageObject\",\"inLanguage\":\"tr\",\"@id\":\"https:\/\/dremrekaraagac.com\/?page_id=1612#primaryimage\",\"url\":\"https:\/\/dremrekaraagac.com\/wp-content\/uploads\/2025\/04\/Adsiz-756-x-1080-piksel-1500-x-900-piksel-3-1.png\",\"contentUrl\":\"https:\/\/dremrekaraagac.com\/wp-content\/uploads\/2025\/04\/Adsiz-756-x-1080-piksel-1500-x-900-piksel-3-1.png\",\"width\":1500,\"height\":900},{\"@type\":\"BreadcrumbList\",\"@id\":\"https:\/\/dremrekaraagac.com\/?page_id=1612#breadcrumb\",\"itemListElement\":[{\"@type\":\"ListItem\",\"position\":1,\"name\":\"Anasayfa\",\"item\":\"https:\/\/dremrekaraagac.com\/\"},{\"@type\":\"ListItem\",\"position\":2,\"name\":\"Pediatri Ders Notlar\u0131\"}]},{\"@type\":\"WebSite\",\"@id\":\"https:\/\/dremrekaraagac.com\/#website\",\"url\":\"https:\/\/dremrekaraagac.com\/\",\"name\":\"Uzm. Dr. Emre KARAA\u011eA\u00c7\",\"description\":\"\u00c7ocuk Sa\u011fl\u0131\u011f\u0131 Ve Hastal\u0131klar\u0131 Uzman\u0131, En \u0130yi \u00c7ocuk Doktoru\",\"potentialAction\":[{\"@type\":\"SearchAction\",\"target\":{\"@type\":\"EntryPoint\",\"urlTemplate\":\"https:\/\/dremrekaraagac.com\/?s={search_term_string}\"},\"query-input\":{\"@type\":\"PropertyValueSpecification\",\"valueRequired\":true,\"valueName\":\"search_term_string\"}}],\"inLanguage\":\"tr\"}]}<\/script>\n<!-- \/ Yoast SEO plugin. -->","yoast_head_json":{"title":"Pediatri Ders Notlar\u0131 - Uzm. Dr. Emre KARAA\u011eA\u00c7","description":"Buradaki uygulamalar g\u00fcncelli\u011fini yitirebilece\u011fi i\u00e7in klinik yakla\u015f\u0131m\u0131n\u0131zda g\u00fcncel klavuzlar\u0131n kullan\u0131m\u0131 \u00f6nerilir.","robots":{"index":"index","follow":"follow","max-snippet":"max-snippet:-1","max-image-preview":"max-image-preview:large","max-video-preview":"max-video-preview:-1"},"canonical":"https:\/\/dremrekaraagac.com\/?page_id=1612","og_locale":"tr_TR","og_type":"article","og_title":"Pediatri Ders Notlar\u0131 - Uzm. Dr. Emre KARAA\u011eA\u00c7","og_description":"Buradaki uygulamalar g\u00fcncelli\u011fini yitirebilece\u011fi i\u00e7in klinik yakla\u015f\u0131m\u0131n\u0131zda g\u00fcncel klavuzlar\u0131n kullan\u0131m\u0131 \u00f6nerilir.","og_url":"https:\/\/dremrekaraagac.com\/?page_id=1612","og_site_name":"Uzm. Dr. Emre KARAA\u011eA\u00c7","article_modified_time":"2025-05-18T12:51:25+00:00","og_image":[{"width":1500,"height":900,"url":"https:\/\/dremrekaraagac.com\/wp-content\/uploads\/2025\/04\/Adsiz-756-x-1080-piksel-1500-x-900-piksel-3-1.png","type":"image\/png"}],"twitter_card":"summary_large_image","twitter_misc":{"Tahmini okuma s\u00fcresi":"1 dakika"},"schema":{"@context":"https:\/\/schema.org","@graph":[{"@type":"WebPage","@id":"https:\/\/dremrekaraagac.com\/?page_id=1612","url":"https:\/\/dremrekaraagac.com\/?page_id=1612","name":"Pediatri Ders Notlar\u0131 - Uzm. Dr. Emre KARAA\u011eA\u00c7","isPartOf":{"@id":"https:\/\/dremrekaraagac.com\/#website"},"primaryImageOfPage":{"@id":"https:\/\/dremrekaraagac.com\/?page_id=1612#primaryimage"},"image":{"@id":"https:\/\/dremrekaraagac.com\/?page_id=1612#primaryimage"},"thumbnailUrl":"https:\/\/dremrekaraagac.com\/wp-content\/uploads\/2025\/04\/Adsiz-756-x-1080-piksel-1500-x-900-piksel-3-1.png","datePublished":"2025-04-23T13:57:05+00:00","dateModified":"2025-05-18T12:51:25+00:00","description":"Buradaki uygulamalar g\u00fcncelli\u011fini yitirebilece\u011fi i\u00e7in klinik yakla\u015f\u0131m\u0131n\u0131zda g\u00fcncel klavuzlar\u0131n kullan\u0131m\u0131 \u00f6nerilir.","breadcrumb":{"@id":"https:\/\/dremrekaraagac.com\/?page_id=1612#breadcrumb"},"inLanguage":"tr","potentialAction":[{"@type":"ReadAction","target":["https:\/\/dremrekaraagac.com\/?page_id=1612"]}]},{"@type":"ImageObject","inLanguage":"tr","@id":"https:\/\/dremrekaraagac.com\/?page_id=1612#primaryimage","url":"https:\/\/dremrekaraagac.com\/wp-content\/uploads\/2025\/04\/Adsiz-756-x-1080-piksel-1500-x-900-piksel-3-1.png","contentUrl":"https:\/\/dremrekaraagac.com\/wp-content\/uploads\/2025\/04\/Adsiz-756-x-1080-piksel-1500-x-900-piksel-3-1.png","width":1500,"height":900},{"@type":"BreadcrumbList","@id":"https:\/\/dremrekaraagac.com\/?page_id=1612#breadcrumb","itemListElement":[{"@type":"ListItem","position":1,"name":"Anasayfa","item":"https:\/\/dremrekaraagac.com\/"},{"@type":"ListItem","position":2,"name":"Pediatri Ders Notlar\u0131"}]},{"@type":"WebSite","@id":"https:\/\/dremrekaraagac.com\/#website","url":"https:\/\/dremrekaraagac.com\/","name":"Uzm. Dr. Emre KARAA\u011eA\u00c7","description":"\u00c7ocuk Sa\u011fl\u0131\u011f\u0131 Ve Hastal\u0131klar\u0131 Uzman\u0131, En \u0130yi \u00c7ocuk Doktoru","potentialAction":[{"@type":"SearchAction","target":{"@type":"EntryPoint","urlTemplate":"https:\/\/dremrekaraagac.com\/?s={search_term_string}"},"query-input":{"@type":"PropertyValueSpecification","valueRequired":true,"valueName":"search_term_string"}}],"inLanguage":"tr"}]}},"_links":{"self":[{"href":"https:\/\/dremrekaraagac.com\/index.php?rest_route=\/wp\/v2\/pages\/1612","targetHints":{"allow":["GET"]}}],"collection":[{"href":"https:\/\/dremrekaraagac.com\/index.php?rest_route=\/wp\/v2\/pages"}],"about":[{"href":"https:\/\/dremrekaraagac.com\/index.php?rest_route=\/wp\/v2\/types\/page"}],"author":[{"embeddable":true,"href":"https:\/\/dremrekaraagac.com\/index.php?rest_route=\/wp\/v2\/users\/1"}],"replies":[{"embeddable":true,"href":"https:\/\/dremrekaraagac.com\/index.php?rest_route=%2Fwp%2Fv2%2Fcomments&post=1612"}],"version-history":[{"count":31,"href":"https:\/\/dremrekaraagac.com\/index.php?rest_route=\/wp\/v2\/pages\/1612\/revisions"}],"predecessor-version":[{"id":2053,"href":"https:\/\/dremrekaraagac.com\/index.php?rest_route=\/wp\/v2\/pages\/1612\/revisions\/2053"}],"wp:featuredmedia":[{"embeddable":true,"href":"https:\/\/dremrekaraagac.com\/index.php?rest_route=\/wp\/v2\/media\/1615"}],"wp:attachment":[{"href":"https:\/\/dremrekaraagac.com\/index.php?rest_route=%2Fwp%2Fv2%2Fmedia&parent=1612"}],"curies":[{"name":"wp","href":"https:\/\/api.w.org\/{rel}","templated":true}]}}