{"id":1142,"date":"2020-01-23T18:21:52","date_gmt":"2020-01-23T18:21:52","guid":{"rendered":"https:\/\/demosites.io\/marketing-agency-gb\/?page_id=61"},"modified":"2025-09-15T10:12:51","modified_gmt":"2025-09-15T10:12:51","slug":"hakkinda","status":"publish","type":"page","link":"https:\/\/dremrekaraagac.com\/?page_id=1142","title":{"rendered":"Hakk\u0131nda"},"content":{"rendered":"\r\n<div class=\"wp-block-cover alignfull is-layout-flow wp-block-cover-is-layout-flow\" style=\"min-height: 600px;aspect-ratio:unset;\">\r\n<div class=\"wp-block-cover__inner-container\">\r\n<div class=\"wp-block-group\">\r\n<div class=\"wp-block-columns are-vertically-aligned-center has-neve-text-color-color has-text-color\">\r\n<div class=\"wp-block-column is-vertically-aligned-center\" style=\"padding-right: var(--wp--preset--spacing--30); padding-left: var(--wp--preset--spacing--30); flex-basis: 50%;\">\r\n<figure class=\"wp-block-image size-full has-custom-border\"><img loading=\"lazy\" decoding=\"async\" class=\"alignnone wp-image-1242 \" style=\"border-radius: 16px;\" src=\"https:\/\/dremrekaraagac.com\/wp-content\/uploads\/2025\/01\/ilgi-Alanlari-3-300x300.png\" alt=\"\" width=\"600\" height=\"600\" srcset=\"https:\/\/dremrekaraagac.com\/wp-content\/uploads\/2025\/01\/ilgi-Alanlari-3-300x300.png 300w, https:\/\/dremrekaraagac.com\/wp-content\/uploads\/2025\/01\/ilgi-Alanlari-3-150x150.png 150w, https:\/\/dremrekaraagac.com\/wp-content\/uploads\/2025\/01\/ilgi-Alanlari-3.png 600w\" sizes=\"auto, (max-width: 600px) 100vw, 600px\" \/><\/figure>\r\n<\/div>\r\n<div class=\"wp-block-column is-vertically-aligned-center\" style=\"flex-basis: 50%; padding: 0 var(--wp--preset--spacing--30) 0 var(--wp--preset--spacing--30);\">\r\n<p>&nbsp;<\/p>\r\n<h2 class=\"wp-block-heading has-neve-text-color-color has-text-color\"><span style=\"color: #000000;\">Hakk\u0131nda;<\/span><\/h2>\r\n<span style=\"color: #000000;\">\r\n\r\n<\/span>\r\n<p class=\"has-neve-text-color-color has-text-color\"><span style=\"color: #000000;\">\u00c7ocuk sa\u011fl\u0131\u011f\u0131 ve hastal\u0131klar\u0131 uzman hekimi olarak g\u00f6rev yapmaktad\u0131r. Do\u011fma, b\u00fcy\u00fcme \u0130zmirlidir. Fak\u00fclteyi \u0130zmir Dokuz Eyl\u00fcl \u00dcniversitesi T\u0131p Fak\u00fcltesi\u2019nde okudu. Uzmanl\u0131k e\u011fitimini Bursa Uluda\u011f \u00dcniversitesi\u2019nde tamamlad\u0131. Pratisyen hekim olarak Yozgat Saraykent \u015eehit Beytullah Ye\u015filay Hastanesi\u2019nde, uzman hekim olarak Ad\u0131yaman Gerger \u0130l\u00e7e Devlet Hastanesi\u2019nde g\u00f6rev alarak devlet hizmet y\u00fck\u00fcml\u00fcl\u00fc\u011f\u00fcn\u00fc tamamlad\u0131. Park Hospital Hastanesi&#8217;nde Yenido\u011fan Yo\u011fun Bak\u0131m \u00dcnitesinde, \u00d6zel Avrasya Hastanesi&#8217;nde \u00c7ocuk Acil Servisinde, A\u011fr\u0131 \u00d6zel Lena Hastanesi&#8217;nde \u00e7ocuk poliklini\u011fi ve servisinde \u00e7al\u0131\u015ft\u0131. Ge\u00e7ici g\u00f6revlendirme ile Yozgat Akda\u011f Madeni Hastanesi ve Ad\u0131yaman E\u011fitim Ara\u015ft\u0131rma Hastanelerinde ge\u00e7ici s\u00fcrelerde \u00e7al\u0131\u015ft\u0131. <a href=\"https:\/\/www.beeakademi.net\/challenge-page\/cocuk-hastaliklari-1?programId=6104086a-d646-4e1a-8cdd-8c4001e53a09\">Bee Akademi&#8217;de<\/a> <a href=\"https:\/\/www.beeakademi.net\/challenge-page\/35f50219-7cd7-4279-b73a-a8de6bf7b52f?programId=35f50219-7cd7-4279-b73a-a8de6bf7b52f\">e\u011fitici olarak<\/a> g\u00f6rev ald\u0131. \u015euan Bursa \u00d6zel Jimer Hastanesinde yenido\u011fan yo\u011fun bak\u0131m sorumlusu olarak \u00e7al\u0131\u015fmaktad\u0131r.<\/span><\/p>\r\n<\/div>\r\n<\/div>\r\n<\/div>\r\n<\/div>\r\n<\/div>\r\n<div class=\"wp-block-cover alignfull\" style=\"min-height: 600px;\">\r\n<div class=\"wp-block-cover__inner-container\">\r\n<div class=\"wp-block-group\">\r\n<div class=\"wp-block-columns are-vertically-aligned-center\">\r\n<div class=\"wp-block-column is-vertically-aligned-center\" style=\"padding-right: var(--wp--preset--spacing--30); padding-left: var(--wp--preset--spacing--30); flex-basis: 50%;\">\r\n<h2><span style=\"color: #000000;\">\u0130lgi Alanlar\u0131;<\/span><\/h2>\r\n<ul><span style=\"color: #000000;\">\r\n<li><span style=\"color: #000000;\">Yenido\u011fan ve \u00c7ocuk Yo\u011fun Bak\u0131m, \u00c7ocuk Acil<\/span><\/li>\r\n<li><span style=\"color: #000000;\">Yenido\u011fan , S\u00fct \u00c7ocu\u011fu Hastal\u0131klar\u0131 ve\u00a0 Geli\u015fim Takibi<\/span><\/li>\r\n<li><span style=\"color: #000000;\">Emzirme ve Beslenme Dan\u0131\u015fmanl\u0131\u011f\u0131<\/span><\/li>\r\n<li><span style=\"color: #000000;\">Solunum Yolu Alerjileri ve Ba\u011f\u0131\u015f\u0131kl\u0131k Sistemi Zay\u0131fl\u0131klar\u0131<\/span><\/li>\r\n<li><span style=\"color: #000000;\">\u00c7ocuk ve Ergen Beslenmesi ve Geli\u015fim takibi<\/span><\/li>\r\n<li><span style=\"color: #000000;\">Sa\u011fl\u0131kl\u0131 \u00c7ocuk \u0130zlemi<\/span><\/li>\r\n<li><span style=\"color: #000000;\">Online Ki\u015fisel\u00a0 D\u00fczenli \u00c7ocuk Takibi<\/span><\/li>\r\n<\/ul>\r\n<h2><span style=\"color: #000000;\">Sertifikalar\u0131;<\/span><\/h2>\r\n<ul><span style=\"color: #000000;\">\r\n<li>Hacamat\/Kupa Terapi<\/li>\r\n<li>Yenido\u011fan Canland\u0131rma Program\u0131 (NRP)<\/li>\r\n<li>\u00c7ocuklarda \u0130leri Ya\u015fam Deste\u011fi (\u00c7\u0130LYAD)<\/li>\r\n<li>Emzirme Dan\u0131\u015fmanl\u0131\u011f\u0131<\/li>\r\n<li>\u00c7ocuklarda Beslenme<\/li>\r\n<li>Yo\u011fun Bak\u0131m \u00dcnitesinde Kritik Hasta Bak\u0131m\u0131 ve Temel \u0130lkeleri<\/li>\r\n<li>Sa\u011fl\u0131k Kurumlar\u0131 \u0130\u015fletmecili\u011fi<\/li>\r\n<li>Otizim Fark\u0131ndal\u0131k E\u011fitimi<\/li>\r\n<li>\u00c7ocuk Bak\u0131m\u0131<\/li>\r\n<li>Otizim Fark\u0131ndal\u0131\u011f\u0131<\/li>\r\n<li>Oyun Terapisi E\u011fitimi<\/li>\r\n<\/ul>\r\n<span style=\"color: #000000;\"><span style=\"color: #000000;\"><span style=\"color: #000000;\"><span style=\"color: #000000;\"><span style=\"color: #000000;\">\r\n\r\n<span style=\"color: #000000;\">\r\n\r\n<\/span><\/span><\/span><\/span><\/span><\/span>\r\n<div class=\"wp-block-buttons has-custom-font-size has-small-font-size is-content-justification-left is-layout-flex wp-container-core-buttons-is-layout-fdcfc74e wp-block-buttons-is-layout-flex\">\r\n<div class=\"wp-block-button has-custom-font-size is-style-default\" style=\"font-size: 16px;\"><a class=\"wp-block-button__link has-nv-text-dark-bg-color has-neve-link-color-background-color has-text-color has-background has-link-color wp-element-button\" href=\"https:\/\/dremrekaraagac.com\/?page_id=1999\">Sertifikalar\u0131 G\u00f6r\u00fcnt\u00fcle<\/a><\/div>\r\n<\/div>\r\n<span style=\"color: #000000;\"><span style=\"color: #000000;\"><span style=\"color: #000000;\"><span style=\"color: #000000;\"><span style=\"color: #000000;\"><span style=\"color: #000000;\"><span style=\"color: #000000;\"><span style=\"color: #000000;\"><span style=\"color: #000000;\"><span style=\"color: #000000;\"><span style=\"color: #000000;\"><span style=\"color: #000000;\"><\/span><\/span><\/span><\/span><\/span><\/span><\/span><\/span><\/span><\/span><\/span><\/span><\/div>\r\n\r\n\r\n\r\n<div class=\"wp-block-column is-vertically-aligned-center is-layout-flow wp-block-column-is-layout-flow\" style=\"padding-right: var(--wp--preset--spacing--30); padding-left: var(--wp--preset--spacing--30); flex-basis: 50%;\">\r\n<figure class=\"wp-block-image size-full has-custom-border\"><img loading=\"lazy\" decoding=\"async\" class=\"alignnone wp-image-1240 \" style=\"border-radius: 16px;\" src=\"https:\/\/dremrekaraagac.com\/wp-content\/uploads\/2025\/01\/ilgi-Alanlari-2-300x300.png\" alt=\"\" width=\"600\" height=\"600\" srcset=\"https:\/\/dremrekaraagac.com\/wp-content\/uploads\/2025\/01\/ilgi-Alanlari-2-300x300.png 300w, https:\/\/dremrekaraagac.com\/wp-content\/uploads\/2025\/01\/ilgi-Alanlari-2-150x150.png 150w, https:\/\/dremrekaraagac.com\/wp-content\/uploads\/2025\/01\/ilgi-Alanlari-2.png 600w\" sizes=\"auto, (max-width: 600px) 100vw, 600px\" \/><\/figure>\r\n<\/div>\r\n<\/div>\r\n<span style=\"color: #000000;\"><span style=\"color: #000000;\"> <!-- \/wp:post-content -->\r\n\r\n<!-- wp:spacer {\"height\":\"40px\"} --><\/span><\/span>\r\n<div class=\"wp-block-spacer\" style=\"height: 40px;\" aria-hidden=\"true\">\u00a0<\/div>\r\n<\/div>\r\n<\/div>\r\n<\/div>\r\n<p>&nbsp;<\/p>\r\n<!-- \/wp:spacer -->","protected":false},"excerpt":{"rendered":"<p>\u00c7ocuk sa\u011fl\u0131\u011f\u0131 ve hastal\u0131klar\u0131 uzman hekimi olarak g\u00f6rev yapmaktad\u0131r. Do\u011fma, b\u00fcy\u00fcme \u0130zmirlidir. Fak\u00fclteyi \u0130zmir Dokuz Eyl\u00fcl \u00dcniversitesi T\u0131p Fak\u00fcltesi\u2019nde okudu. Uzmanl\u0131k e\u011fitimini Bursa Uluda\u011f \u00dcniversitesi\u2019nde tamamlad\u0131. Pratisyen hekim olarak Yozgat Saraykent \u015eehit Beytullah Ye\u015filay Hastanesi\u2019nde, uzman hekim olarak Ad\u0131yaman Gerger \u0130l\u00e7e Devlet Hastanesi\u2019nde g\u00f6rev alarak devlet hizmet y\u00fck\u00fcml\u00fcl\u00fc\u011f\u00fcn\u00fc tamamlad\u0131. Park Hospital Hastanesi&#8217;nde Yenido\u011fan Yo\u011fun Bak\u0131m&hellip;&nbsp;<a href=\"https:\/\/dremrekaraagac.com\/?page_id=1142\" rel=\"bookmark\">Daha fazlas\u0131n\u0131 oku &raquo;<span class=\"screen-reader-text\">Hakk\u0131nda<\/span><\/a><\/p>\n","protected":false},"author":1,"featured_media":1242,"parent":0,"menu_order":0,"comment_status":"closed","ping_status":"closed","template":"","meta":{"neve_meta_sidebar":"","neve_meta_container":"","neve_meta_enable_content_width":"on","neve_meta_content_width":100,"neve_meta_title_alignment":"","neve_meta_author_avatar":"","neve_post_elements_order":"","neve_meta_disable_header":"","neve_meta_disable_footer":"","neve_meta_disable_title":"on","footnotes":""},"class_list":["post-1142","page","type-page","status-publish","has-post-thumbnail","hentry"],"yoast_head":"<!-- This site is optimized with the Yoast SEO plugin v26.1.1 - https:\/\/yoast.com\/wordpress\/plugins\/seo\/ -->\n<title>Hakk\u0131nda - Uzm. Dr. Emre KARAA\u011eA\u00c7<\/title>\n<meta name=\"description\" content=\"\u00c7ocuk doktoru olan Uzm. Dr. Emre KARAA\u011eA\u00c7 hak\u0131nda k\u0131sa \u00f6zet bilgiler. \u0130leti\u015fim b\u00f6l\u00fcm\u00fcnden bize ula\u015fabilirsiniz.\" \/>\n<meta name=\"robots\" content=\"index, follow, max-snippet:-1, max-image-preview:large, max-video-preview:-1\" \/>\n<link rel=\"canonical\" href=\"https:\/\/dremrekaraagac.com\/?page_id=1142\" \/>\n<meta property=\"og:locale\" content=\"tr_TR\" \/>\n<meta property=\"og:type\" content=\"article\" \/>\n<meta property=\"og:title\" content=\"Hakk\u0131nda - Uzm. Dr. Emre KARAA\u011eA\u00c7\" \/>\n<meta property=\"og:description\" content=\"\u00c7ocuk doktoru olan Uzm. Dr. Emre KARAA\u011eA\u00c7 hak\u0131nda k\u0131sa \u00f6zet bilgiler. \u0130leti\u015fim b\u00f6l\u00fcm\u00fcnden bize ula\u015fabilirsiniz.\" \/>\n<meta property=\"og:url\" content=\"https:\/\/dremrekaraagac.com\/?page_id=1142\" \/>\n<meta property=\"og:site_name\" content=\"Uzm. Dr. Emre KARAA\u011eA\u00c7\" \/>\n<meta property=\"article:modified_time\" content=\"2025-09-15T10:12:51+00:00\" \/>\n<meta property=\"og:image\" content=\"https:\/\/dremrekaraagac.com\/wp-content\/uploads\/2025\/01\/ilgi-Alanlari-3.png\" \/>\n\t<meta property=\"og:image:width\" content=\"600\" \/>\n\t<meta property=\"og:image:height\" content=\"600\" \/>\n\t<meta property=\"og:image:type\" content=\"image\/png\" \/>\n<meta name=\"twitter:card\" content=\"summary_large_image\" \/>\n<meta name=\"twitter:label1\" content=\"Tahmini okuma s\u00fcresi\" \/>\n\t<meta name=\"twitter:data1\" content=\"2 dakika\" \/>\n<script type=\"application\/ld+json\" class=\"yoast-schema-graph\">{\"@context\":\"https:\/\/schema.org\",\"@graph\":[{\"@type\":\"WebPage\",\"@id\":\"https:\/\/dremrekaraagac.com\/?page_id=1142\",\"url\":\"https:\/\/dremrekaraagac.com\/?page_id=1142\",\"name\":\"Hakk\u0131nda - Uzm. Dr. Emre KARAA\u011eA\u00c7\",\"isPartOf\":{\"@id\":\"https:\/\/dremrekaraagac.com\/#website\"},\"primaryImageOfPage\":{\"@id\":\"https:\/\/dremrekaraagac.com\/?page_id=1142#primaryimage\"},\"image\":{\"@id\":\"https:\/\/dremrekaraagac.com\/?page_id=1142#primaryimage\"},\"thumbnailUrl\":\"https:\/\/dremrekaraagac.com\/wp-content\/uploads\/2025\/01\/ilgi-Alanlari-3.png\",\"datePublished\":\"2020-01-23T18:21:52+00:00\",\"dateModified\":\"2025-09-15T10:12:51+00:00\",\"description\":\"\u00c7ocuk doktoru olan Uzm. Dr. Emre KARAA\u011eA\u00c7 hak\u0131nda k\u0131sa \u00f6zet bilgiler. \u0130leti\u015fim b\u00f6l\u00fcm\u00fcnden bize ula\u015fabilirsiniz.\",\"breadcrumb\":{\"@id\":\"https:\/\/dremrekaraagac.com\/?page_id=1142#breadcrumb\"},\"inLanguage\":\"tr\",\"potentialAction\":[{\"@type\":\"ReadAction\",\"target\":[\"https:\/\/dremrekaraagac.com\/?page_id=1142\"]}]},{\"@type\":\"ImageObject\",\"inLanguage\":\"tr\",\"@id\":\"https:\/\/dremrekaraagac.com\/?page_id=1142#primaryimage\",\"url\":\"https:\/\/dremrekaraagac.com\/wp-content\/uploads\/2025\/01\/ilgi-Alanlari-3.png\",\"contentUrl\":\"https:\/\/dremrekaraagac.com\/wp-content\/uploads\/2025\/01\/ilgi-Alanlari-3.png\",\"width\":600,\"height\":600},{\"@type\":\"BreadcrumbList\",\"@id\":\"https:\/\/dremrekaraagac.com\/?page_id=1142#breadcrumb\",\"itemListElement\":[{\"@type\":\"ListItem\",\"position\":1,\"name\":\"Anasayfa\",\"item\":\"https:\/\/dremrekaraagac.com\/\"},{\"@type\":\"ListItem\",\"position\":2,\"name\":\"Hakk\u0131nda\"}]},{\"@type\":\"WebSite\",\"@id\":\"https:\/\/dremrekaraagac.com\/#website\",\"url\":\"https:\/\/dremrekaraagac.com\/\",\"name\":\"Uzm. Dr. Emre KARAA\u011eA\u00c7\",\"description\":\"\u00c7ocuk Sa\u011fl\u0131\u011f\u0131 Ve Hastal\u0131klar\u0131 Uzman\u0131, En \u0130yi \u00c7ocuk Doktoru\",\"potentialAction\":[{\"@type\":\"SearchAction\",\"target\":{\"@type\":\"EntryPoint\",\"urlTemplate\":\"https:\/\/dremrekaraagac.com\/?s={search_term_string}\"},\"query-input\":{\"@type\":\"PropertyValueSpecification\",\"valueRequired\":true,\"valueName\":\"search_term_string\"}}],\"inLanguage\":\"tr\"}]}<\/script>\n<!-- \/ Yoast SEO plugin. -->","yoast_head_json":{"title":"Hakk\u0131nda - Uzm. Dr. Emre KARAA\u011eA\u00c7","description":"\u00c7ocuk doktoru olan Uzm. Dr. Emre KARAA\u011eA\u00c7 hak\u0131nda k\u0131sa \u00f6zet bilgiler. \u0130leti\u015fim b\u00f6l\u00fcm\u00fcnden bize ula\u015fabilirsiniz.","robots":{"index":"index","follow":"follow","max-snippet":"max-snippet:-1","max-image-preview":"max-image-preview:large","max-video-preview":"max-video-preview:-1"},"canonical":"https:\/\/dremrekaraagac.com\/?page_id=1142","og_locale":"tr_TR","og_type":"article","og_title":"Hakk\u0131nda - Uzm. Dr. Emre KARAA\u011eA\u00c7","og_description":"\u00c7ocuk doktoru olan Uzm. Dr. Emre KARAA\u011eA\u00c7 hak\u0131nda k\u0131sa \u00f6zet bilgiler. \u0130leti\u015fim b\u00f6l\u00fcm\u00fcnden bize ula\u015fabilirsiniz.","og_url":"https:\/\/dremrekaraagac.com\/?page_id=1142","og_site_name":"Uzm. Dr. Emre KARAA\u011eA\u00c7","article_modified_time":"2025-09-15T10:12:51+00:00","og_image":[{"width":600,"height":600,"url":"https:\/\/dremrekaraagac.com\/wp-content\/uploads\/2025\/01\/ilgi-Alanlari-3.png","type":"image\/png"}],"twitter_card":"summary_large_image","twitter_misc":{"Tahmini okuma s\u00fcresi":"2 dakika"},"schema":{"@context":"https:\/\/schema.org","@graph":[{"@type":"WebPage","@id":"https:\/\/dremrekaraagac.com\/?page_id=1142","url":"https:\/\/dremrekaraagac.com\/?page_id=1142","name":"Hakk\u0131nda - Uzm. Dr. Emre KARAA\u011eA\u00c7","isPartOf":{"@id":"https:\/\/dremrekaraagac.com\/#website"},"primaryImageOfPage":{"@id":"https:\/\/dremrekaraagac.com\/?page_id=1142#primaryimage"},"image":{"@id":"https:\/\/dremrekaraagac.com\/?page_id=1142#primaryimage"},"thumbnailUrl":"https:\/\/dremrekaraagac.com\/wp-content\/uploads\/2025\/01\/ilgi-Alanlari-3.png","datePublished":"2020-01-23T18:21:52+00:00","dateModified":"2025-09-15T10:12:51+00:00","description":"\u00c7ocuk doktoru olan Uzm. Dr. Emre KARAA\u011eA\u00c7 hak\u0131nda k\u0131sa \u00f6zet bilgiler. \u0130leti\u015fim b\u00f6l\u00fcm\u00fcnden bize ula\u015fabilirsiniz.","breadcrumb":{"@id":"https:\/\/dremrekaraagac.com\/?page_id=1142#breadcrumb"},"inLanguage":"tr","potentialAction":[{"@type":"ReadAction","target":["https:\/\/dremrekaraagac.com\/?page_id=1142"]}]},{"@type":"ImageObject","inLanguage":"tr","@id":"https:\/\/dremrekaraagac.com\/?page_id=1142#primaryimage","url":"https:\/\/dremrekaraagac.com\/wp-content\/uploads\/2025\/01\/ilgi-Alanlari-3.png","contentUrl":"https:\/\/dremrekaraagac.com\/wp-content\/uploads\/2025\/01\/ilgi-Alanlari-3.png","width":600,"height":600},{"@type":"BreadcrumbList","@id":"https:\/\/dremrekaraagac.com\/?page_id=1142#breadcrumb","itemListElement":[{"@type":"ListItem","position":1,"name":"Anasayfa","item":"https:\/\/dremrekaraagac.com\/"},{"@type":"ListItem","position":2,"name":"Hakk\u0131nda"}]},{"@type":"WebSite","@id":"https:\/\/dremrekaraagac.com\/#website","url":"https:\/\/dremrekaraagac.com\/","name":"Uzm. Dr. Emre KARAA\u011eA\u00c7","description":"\u00c7ocuk Sa\u011fl\u0131\u011f\u0131 Ve Hastal\u0131klar\u0131 Uzman\u0131, En \u0130yi \u00c7ocuk Doktoru","potentialAction":[{"@type":"SearchAction","target":{"@type":"EntryPoint","urlTemplate":"https:\/\/dremrekaraagac.com\/?s={search_term_string}"},"query-input":{"@type":"PropertyValueSpecification","valueRequired":true,"valueName":"search_term_string"}}],"inLanguage":"tr"}]}},"_links":{"self":[{"href":"https:\/\/dremrekaraagac.com\/index.php?rest_route=\/wp\/v2\/pages\/1142","targetHints":{"allow":["GET"]}}],"collection":[{"href":"https:\/\/dremrekaraagac.com\/index.php?rest_route=\/wp\/v2\/pages"}],"about":[{"href":"https:\/\/dremrekaraagac.com\/index.php?rest_route=\/wp\/v2\/types\/page"}],"author":[{"embeddable":true,"href":"https:\/\/dremrekaraagac.com\/index.php?rest_route=\/wp\/v2\/users\/1"}],"replies":[{"embeddable":true,"href":"https:\/\/dremrekaraagac.com\/index.php?rest_route=%2Fwp%2Fv2%2Fcomments&post=1142"}],"version-history":[{"count":34,"href":"https:\/\/dremrekaraagac.com\/index.php?rest_route=\/wp\/v2\/pages\/1142\/revisions"}],"predecessor-version":[{"id":2269,"href":"https:\/\/dremrekaraagac.com\/index.php?rest_route=\/wp\/v2\/pages\/1142\/revisions\/2269"}],"wp:featuredmedia":[{"embeddable":true,"href":"https:\/\/dremrekaraagac.com\/index.php?rest_route=\/wp\/v2\/media\/1242"}],"wp:attachment":[{"href":"https:\/\/dremrekaraagac.com\/index.php?rest_route=%2Fwp%2Fv2%2Fmedia&parent=1142"}],"curies":[{"name":"wp","href":"https:\/\/api.w.org\/{rel}","templated":true}]}}