{"id":1141,"date":"2020-01-13T11:17:52","date_gmt":"2020-01-13T11:17:52","guid":{"rendered":"https:\/\/demosites.io\/marketing-agency-gb\/?page_id=5"},"modified":"2025-05-05T09:56:06","modified_gmt":"2025-05-05T09:56:06","slug":"cocuk-doktoru","status":"publish","type":"page","link":"https:\/\/dremrekaraagac.com\/","title":{"rendered":"\u00c7ocuk Doktoru"},"content":{"rendered":"\r\n<div class=\"wp-block-cover alignfull\" style=\"min-height: 800px;aspect-ratio:unset;\"><img loading=\"lazy\" decoding=\"async\" width=\"1640\" height=\"922\" class=\"wp-block-cover__image-background wp-image-608\" style=\"object-position: 50% 72%;\" src=\"https:\/\/dremrekaraagac.com\/wp-content\/uploads\/2024\/05\/neve-hero-2.png\" alt=\"\" data-object-fit=\"cover\" data-object-position=\"50% 72%\" srcset=\"https:\/\/dremrekaraagac.com\/wp-content\/uploads\/2024\/05\/neve-hero-2.png 1640w, https:\/\/dremrekaraagac.com\/wp-content\/uploads\/2024\/05\/neve-hero-2-300x169.png 300w\" sizes=\"auto, (max-width: 1640px) 100vw, 1640px\" \/>\r\n<div class=\"wp-block-cover__inner-container is-layout-flow wp-block-cover-is-layout-flow\">\r\n<div class=\"wp-block-columns are-vertically-aligned-center is-layout-flex wp-container-core-columns-is-layout-9d6595d7 wp-block-columns-is-layout-flex\">\r\n<div class=\"wp-block-column is-vertically-aligned-center is-layout-flow wp-block-column-is-layout-flow\" style=\"padding-right: var(--wp--preset--spacing--20); padding-left: var(--wp--preset--spacing--20); flex-basis: 65%;\">\r\n\r\n\r\n<h2 class=\"wp-block-heading\">\u00a0<\/h2>\r\n<h2 class=\"wp-block-heading has-text-align-left has-nv-text-dark-bg-color has-text-color\">\u00c7ocuk Doktoru<\/h2>\r\n<h2 class=\"wp-block-heading has-text-align-left has-nv-text-dark-bg-color has-text-color\">Uzm. Dr. Emre KARAA\u011eA\u00c7<\/h2>\r\n\r\n\r\n\r\n<p class=\"has-text-align-left has-nv-text-dark-bg-color has-text-color\" style=\"font-size: 17px;\">En De\u011ferli K\u00fc\u00e7\u00fck Mucizeleriniz \u0130\u00e7in Uzman Bak\u0131m\u0131<\/p>\r\n\r\n\r\n\r\n<div class=\"wp-block-buttons is-horizontal is-content-justification-left is-layout-flex wp-container-core-buttons-is-layout-7e5fce0a wp-block-buttons-is-layout-flex\">\r\n<div class=\"wp-block-button is-style-primary\"><a class=\"wp-block-button__link has-text-color has-background has-link-color wp-element-button\" style=\"color: #0a2279; background-color: #ffffff;\" href=\"https:\/\/dremrekaraagac.com\/?page_id=66\">\u0130leti\u015fim<\/a><\/div>\r\n\r\n\r\n\r\n<div class=\"wp-block-button is-style-secondary\"><a class=\"wp-block-button__link has-nv-text-dark-bg-color has-text-color has-link-color wp-element-button\" href=\"https:\/\/dremrekaraagac.com\/?page_id=1142\">Hakk\u0131nda<\/a><\/div>\r\n<\/div>\r\n\r\n\r\n<\/div>\r\n<div class=\"wp-block-column is-vertically-aligned-center\">\r\n<figure class=\"wp-block-image size-full\"><img loading=\"lazy\" decoding=\"async\" class=\"alignnone  wp-image-1154\" src=\"https:\/\/dremrekaraagac.com\/wp-content\/uploads\/2025\/01\/Adsiz-tasarim-7-210x300.png\" alt=\"\" width=\"751\" height=\"1073\" srcset=\"https:\/\/dremrekaraagac.com\/wp-content\/uploads\/2025\/01\/Adsiz-tasarim-7-210x300.png 210w, https:\/\/dremrekaraagac.com\/wp-content\/uploads\/2025\/01\/Adsiz-tasarim-7-717x1024.png 717w, https:\/\/dremrekaraagac.com\/wp-content\/uploads\/2025\/01\/Adsiz-tasarim-7.png 756w\" sizes=\"auto, (max-width: 751px) 100vw, 751px\" \/><\/figure>\r\n<\/div>\r\n<\/div>\r\n<\/div>\r\n<\/div>\r\n\r\n\r\n\r\n<div class=\"wp-block-spacer\" style=\"height: 40px;\" aria-hidden=\"true\">\r\n<h2 class=\"wow fadeIn  home-title text-center\" style=\"text-align: center;\">Sa\u011fl\u0131k Hizmetlerimiz<\/h2>\r\n<\/div>\r\n\r\n<p>&nbsp;<\/p>\r\n\r\n<div class=\"wp-block-columns is-layout-flex wp-container-core-columns-is-layout-9d6595d7 wp-block-columns-is-layout-flex\">\r\n<div class=\"wp-block-column neve-duotone is-layout-flow wp-block-column-is-layout-flow\" style=\"padding-right: var(--wp--preset--spacing--30); padding-left: var(--wp--preset--spacing--30);\">\r\n<figure class=\"wp-block-image aligncenter size-full has-custom-border icon-style is-style-default\"><img loading=\"lazy\" decoding=\"async\" class=\"alignnone wp-image-1013 size-medium\" style=\"border-radius: 0px;\" src=\"https:\/\/dremrekaraagac.com\/wp-content\/uploads\/2025\/01\/Adsiz-tasarim-5-261x300.png\" alt=\"\" width=\"261\" height=\"300\" srcset=\"https:\/\/dremrekaraagac.com\/wp-content\/uploads\/2025\/01\/Adsiz-tasarim-5-261x300.png 261w, https:\/\/dremrekaraagac.com\/wp-content\/uploads\/2025\/01\/Adsiz-tasarim-5.png 610w\" sizes=\"auto, (max-width: 261px) 100vw, 261px\" \/><\/figure>\r\n<div class=\"wp-block-spacer\" style=\"height: 16px;\" aria-hidden=\"true\">\u00a0<\/div>\r\n<h3 class=\"wp-block-heading has-text-align-center has-neve-text-color-color has-text-color\">Acil Doktor Hatt\u0131<\/h3>\r\n<p class=\"has-text-align-center\">Yeni geli\u015fen bir sorun oldu\u011funda, doktora gitme ihtiyac\u0131 konusunda \u015f\u00fcphede kald\u0131\u011f\u0131n\u0131zda, mevcut semptomlar\u0131na y\u00f6nelik anl\u0131k \u00e7\u00f6z\u00fcm almak istedi\u011finizde, AC\u0130L \u00c7OCUK DOKTORUM hatt\u0131 aboneli\u011fi ile telefon aramas\u0131 veya Whatsapp \u00fczerinden g\u00f6r\u00fc\u015f alabilirsiniz.<\/p>\r\n<\/div>\r\n<div class=\"wp-block-spacer\" style=\"height: 20px;\" aria-hidden=\"true\">\u00a0<\/div>\r\n\r\n\r\n\r\n<div class=\"wp-block-column is-layout-flow wp-block-column-is-layout-flow\" style=\"padding-right: var(--wp--preset--spacing--30); padding-left: var(--wp--preset--spacing--30);\"><div class=\"wp-block-image icon-style is-style-default\">\r\n<figure class=\"aligncenter size-full has-custom-border\"><img loading=\"lazy\" decoding=\"async\" class=\"alignnone wp-image-989 size-medium\" style=\"border-radius: 0px;\" src=\"https:\/\/dremrekaraagac.com\/wp-content\/uploads\/2025\/01\/Adsiz-tasarim-3-261x300.png\" alt=\"\" width=\"261\" height=\"300\" srcset=\"https:\/\/dremrekaraagac.com\/wp-content\/uploads\/2025\/01\/Adsiz-tasarim-3-261x300.png 261w, https:\/\/dremrekaraagac.com\/wp-content\/uploads\/2025\/01\/Adsiz-tasarim-3.png 610w\" sizes=\"auto, (max-width: 261px) 100vw, 261px\" \/><\/figure>\r\n<\/div>\r\n\r\n\r\n<div class=\"wp-block-spacer\" style=\"height: 16px;\" aria-hidden=\"true\">\u00a0<\/div>\r\n\r\n\r\n\r\n<h3 class=\"wp-block-heading has-text-align-center has-neve-text-color-color has-text-color\">Hasta Dan\u0131\u015fma<\/h3>\r\n\r\n\r\n\r\n<p class=\"has-text-align-center\">Akl\u0131n\u0131zdaki her t\u00fcrl\u00fc soruyu, dan\u0131\u015fmak istedi\u011finiz her konuyu bize dan\u0131\u015fabilirsiniz. Tahlil sonucu de\u011ferlendirme, ikinci bir g\u00f6r\u00fc\u015f alma, ila\u00e7 dan\u0131\u015fma, kronik hastal\u0131k s\u00fcre\u00e7lerinde kafan\u0131z\u0131 kar\u0131\u015ft\u0131ran herhangi bir durumda ileti\u015fime ge\u00e7erek sizlere yard\u0131mc\u0131 olmaktay\u0131z.<\/p>\r\n\r\n\r\n<\/div>\r\n\r\n\r\n\r\n<div class=\"wp-block-column is-layout-flow wp-block-column-is-layout-flow\" style=\"padding-right: var(--wp--preset--spacing--30); padding-left: var(--wp--preset--spacing--30);\"><div class=\"wp-block-image icon-style is-style-default wp-duotone-unset-1\">\r\n<figure class=\"aligncenter size-full has-custom-border\"><img loading=\"lazy\" decoding=\"async\" class=\"alignnone wp-image-997 size-medium\" style=\"border-radius: 0px;\" src=\"https:\/\/dremrekaraagac.com\/wp-content\/uploads\/2025\/01\/Adsiz-tasarim-4-261x300.png\" alt=\"\" width=\"261\" height=\"300\" srcset=\"https:\/\/dremrekaraagac.com\/wp-content\/uploads\/2025\/01\/Adsiz-tasarim-4-261x300.png 261w, https:\/\/dremrekaraagac.com\/wp-content\/uploads\/2025\/01\/Adsiz-tasarim-4.png 610w\" sizes=\"auto, (max-width: 261px) 100vw, 261px\" \/><\/figure>\r\n<\/div>\r\n\r\n\r\n<div class=\"wp-block-spacer\" style=\"height: 16px;\" aria-hidden=\"true\">\u00a0<\/div>\r\n\r\n\r\n\r\n<h3 class=\"wp-block-heading has-text-align-center has-neve-text-color-color has-text-color\">Beslenme Takibi<\/h3>\r\n\r\n\r\n\r\n<p class=\"has-text-align-center\">\u00c7ocuk doktoru, diyetisyen ve emzirme dan\u0131\u015fman\u0131 bebek hem\u015firesinden olu\u015fan g\u00fc\u00e7l\u00fc ekibimizle do\u011fumdan itibaren ihtiyac\u0131na g\u00f6re beslenmesi d\u00fczenlemekteyiz. Emzirme, ek g\u0131daya ge\u00e7i\u015f, \u00f6zel form\u00fcl mama kullan\u0131m\u0131, g\u0131da alerjileri gibi zorlu s\u00fcre\u00e7lerde destek sa\u011flamaktay\u0131z.<\/p>\r\n<figure class=\"wp-block-image aligncenter size-full has-custom-border icon-style is-style-default\"><\/figure>\r\n<p>\r\n\r\n<\/p>\r\n<p>\r\n\r\n<\/p>\r\n\r\n\r\n<\/div>\r\n\r\n\r\n\r\n<div class=\"wp-block-column is-layout-flow wp-block-column-is-layout-flow\" style=\"padding-right: var(--wp--preset--spacing--30); padding-left: var(--wp--preset--spacing--30);\"><div class=\"wp-block-image icon-style is-style-default wp-duotone-unset-2\">\r\n<figure class=\"aligncenter size-full has-custom-border\"><img loading=\"lazy\" decoding=\"async\" class=\"alignnone wp-image-1015 size-medium\" style=\"border-radius: 0px;\" src=\"https:\/\/dremrekaraagac.com\/wp-content\/uploads\/2025\/01\/Adsiz-tasarim-6-261x300.png\" alt=\"\" width=\"261\" height=\"300\" srcset=\"https:\/\/dremrekaraagac.com\/wp-content\/uploads\/2025\/01\/Adsiz-tasarim-6-261x300.png 261w, https:\/\/dremrekaraagac.com\/wp-content\/uploads\/2025\/01\/Adsiz-tasarim-6.png 610w\" sizes=\"auto, (max-width: 261px) 100vw, 261px\" \/><\/figure>\r\n<\/div>\r\n\r\n\r\n<div class=\"wp-block-spacer\" style=\"height: 16px;\" aria-hidden=\"true\">\u00a0<\/div>\r\n\r\n\r\n\r\n<h3 class=\"wp-block-heading has-text-align-center has-neve-text-color-color has-text-color\">Online \u0130zlem<\/h3>\r\n\r\n\r\n\r\n<p style=\"text-align: center;\">Aral\u0131kl\u0131 online g\u00f6r\u00fcnt\u00fcl\u00fc g\u00f6r\u00fc\u015fme toplant\u0131lar\u0131 ile \u00e7ocu\u011funuz do\u011fumundan itibaren takip edilir. \u00c7ocu\u011funuza \u00f6zel \u00e7ocuk doktoru \u00e7o\u011funuz b\u00fcy\u00fcd\u00fck\u00e7e, geli\u015fimini, hastal\u0131klar\u0131n\u0131, beslenmesini, a\u015f\u0131lar\u0131n\u0131, vitamin desteklerini vb. takip ederek s\u00fcre\u00e7 boyunca yan\u0131n\u0131zda olmaktad\u0131r.<\/p>\r\n<figure class=\"wp-block-image aligncenter size-full has-custom-border icon-style is-style-default\"><\/figure>\r\n<p>\r\n\r\n<\/p>\r\n<p>\r\n\r\n<\/p>\r\n\r\n\r\n<\/div>\r\n<\/div>\r\n","protected":false},"excerpt":{"rendered":"<p>&nbsp; \u00a0 Acil Doktor Hatt\u0131 Yeni geli\u015fen bir sorun oldu\u011funda, doktora gitme ihtiyac\u0131 konusunda \u015f\u00fcphede kald\u0131\u011f\u0131n\u0131zda, mevcut semptomlar\u0131na y\u00f6nelik anl\u0131k \u00e7\u00f6z\u00fcm almak istedi\u011finizde, AC\u0130L \u00c7OCUK DOKTORUM hatt\u0131 aboneli\u011fi ile telefon aramas\u0131 veya Whatsapp \u00fczerinden g\u00f6r\u00fc\u015f alabilirsiniz. \u00a0 Hasta Dan\u0131\u015fma Akl\u0131n\u0131zdaki her t\u00fcrl\u00fc soruyu, dan\u0131\u015fmak istedi\u011finiz her konuyu bize dan\u0131\u015fabilirsiniz. Tahlil sonucu de\u011ferlendirme, ikinci bir g\u00f6r\u00fc\u015f&hellip;&nbsp;<a href=\"https:\/\/dremrekaraagac.com\/\" rel=\"bookmark\">Daha fazlas\u0131n\u0131 oku &raquo;<span class=\"screen-reader-text\">\u00c7ocuk Doktoru<\/span><\/a><\/p>\n","protected":false},"author":1,"featured_media":1242,"parent":0,"menu_order":0,"comment_status":"closed","ping_status":"closed","template":"","meta":{"neve_meta_sidebar":"","neve_meta_container":"","neve_meta_enable_content_width":"on","neve_meta_content_width":100,"neve_meta_title_alignment":"","neve_meta_author_avatar":"","neve_post_elements_order":"","neve_meta_disable_header":"","neve_meta_disable_footer":"","neve_meta_disable_title":"on","footnotes":""},"class_list":["post-1141","page","type-page","status-publish","has-post-thumbnail","hentry"],"yoast_head":"<!-- This site is optimized with the Yoast SEO plugin v26.1.1 - https:\/\/yoast.com\/wordpress\/plugins\/seo\/ -->\n<title>\u00c7ocuk Doktoru - Uzm. Dr. Emre KARAA\u011eA\u00c7<\/title>\n<meta name=\"description\" content=\"\u00c7ocuk doktoruna ihtiya\u00e7 duydu\u011funuz an yan\u0131n\u0131zda .Acil Doktor Hatt\u0131, Hasta Dan\u0131\u015fma, Beslenme Dan\u0131\u015fmanl\u0131\u011f\u0131, Online \u00c7ocuk \u0130zlemi\" \/>\n<meta name=\"robots\" content=\"index, follow, max-snippet:-1, max-image-preview:large, max-video-preview:-1\" \/>\n<link rel=\"canonical\" href=\"https:\/\/dremrekaraagac.com\/\" \/>\n<meta property=\"og:locale\" content=\"tr_TR\" \/>\n<meta property=\"og:type\" content=\"article\" \/>\n<meta property=\"og:title\" content=\"\u00c7ocuk Doktoru - Uzm. Dr. Emre KARAA\u011eA\u00c7\" \/>\n<meta property=\"og:description\" content=\"\u00c7ocuk doktoruna ihtiya\u00e7 duydu\u011funuz an yan\u0131n\u0131zda .Acil Doktor Hatt\u0131, Hasta Dan\u0131\u015fma, Beslenme Dan\u0131\u015fmanl\u0131\u011f\u0131, Online \u00c7ocuk \u0130zlemi\" \/>\n<meta property=\"og:url\" content=\"https:\/\/dremrekaraagac.com\/\" \/>\n<meta property=\"og:site_name\" content=\"Uzm. Dr. Emre KARAA\u011eA\u00c7\" \/>\n<meta property=\"article:modified_time\" content=\"2025-05-05T09:56:06+00:00\" \/>\n<meta property=\"og:image\" content=\"https:\/\/dremrekaraagac.com\/wp-content\/uploads\/2025\/01\/ilgi-Alanlari-3.png\" \/>\n\t<meta property=\"og:image:width\" content=\"600\" \/>\n\t<meta property=\"og:image:height\" content=\"600\" \/>\n\t<meta property=\"og:image:type\" content=\"image\/png\" \/>\n<meta name=\"twitter:card\" content=\"summary_large_image\" \/>\n<meta name=\"twitter:label1\" content=\"Tahmini okuma s\u00fcresi\" \/>\n\t<meta name=\"twitter:data1\" content=\"5 dakika\" \/>\n<script type=\"application\/ld+json\" class=\"yoast-schema-graph\">{\"@context\":\"https:\/\/schema.org\",\"@graph\":[{\"@type\":\"WebPage\",\"@id\":\"https:\/\/dremrekaraagac.com\/\",\"url\":\"https:\/\/dremrekaraagac.com\/\",\"name\":\"\u00c7ocuk Doktoru - Uzm. Dr. Emre KARAA\u011eA\u00c7\",\"isPartOf\":{\"@id\":\"https:\/\/dremrekaraagac.com\/#website\"},\"primaryImageOfPage\":{\"@id\":\"https:\/\/dremrekaraagac.com\/#primaryimage\"},\"image\":{\"@id\":\"https:\/\/dremrekaraagac.com\/#primaryimage\"},\"thumbnailUrl\":\"https:\/\/dremrekaraagac.com\/wp-content\/uploads\/2025\/01\/ilgi-Alanlari-3.png\",\"datePublished\":\"2020-01-13T11:17:52+00:00\",\"dateModified\":\"2025-05-05T09:56:06+00:00\",\"description\":\"\u00c7ocuk doktoruna ihtiya\u00e7 duydu\u011funuz an yan\u0131n\u0131zda .Acil Doktor Hatt\u0131, Hasta Dan\u0131\u015fma, Beslenme Dan\u0131\u015fmanl\u0131\u011f\u0131, Online \u00c7ocuk \u0130zlemi\",\"breadcrumb\":{\"@id\":\"https:\/\/dremrekaraagac.com\/#breadcrumb\"},\"inLanguage\":\"tr\",\"potentialAction\":[{\"@type\":\"ReadAction\",\"target\":[\"https:\/\/dremrekaraagac.com\/\"]}]},{\"@type\":\"ImageObject\",\"inLanguage\":\"tr\",\"@id\":\"https:\/\/dremrekaraagac.com\/#primaryimage\",\"url\":\"https:\/\/dremrekaraagac.com\/wp-content\/uploads\/2025\/01\/ilgi-Alanlari-3.png\",\"contentUrl\":\"https:\/\/dremrekaraagac.com\/wp-content\/uploads\/2025\/01\/ilgi-Alanlari-3.png\",\"width\":600,\"height\":600},{\"@type\":\"BreadcrumbList\",\"@id\":\"https:\/\/dremrekaraagac.com\/#breadcrumb\",\"itemListElement\":[{\"@type\":\"ListItem\",\"position\":1,\"name\":\"Anasayfa\",\"item\":\"https:\/\/dremrekaraagac.com\/\"},{\"@type\":\"ListItem\",\"position\":2,\"name\":\"\u00c7ocuk Doktoru\"}]},{\"@type\":\"WebSite\",\"@id\":\"https:\/\/dremrekaraagac.com\/#website\",\"url\":\"https:\/\/dremrekaraagac.com\/\",\"name\":\"Uzm. Dr. Emre KARAA\u011eA\u00c7\",\"description\":\"\u00c7ocuk Sa\u011fl\u0131\u011f\u0131 Ve Hastal\u0131klar\u0131 Uzman\u0131, En \u0130yi \u00c7ocuk Doktoru\",\"potentialAction\":[{\"@type\":\"SearchAction\",\"target\":{\"@type\":\"EntryPoint\",\"urlTemplate\":\"https:\/\/dremrekaraagac.com\/?s={search_term_string}\"},\"query-input\":{\"@type\":\"PropertyValueSpecification\",\"valueRequired\":true,\"valueName\":\"search_term_string\"}}],\"inLanguage\":\"tr\"}]}<\/script>\n<!-- \/ Yoast SEO plugin. -->","yoast_head_json":{"title":"\u00c7ocuk Doktoru - Uzm. Dr. Emre KARAA\u011eA\u00c7","description":"\u00c7ocuk doktoruna ihtiya\u00e7 duydu\u011funuz an yan\u0131n\u0131zda .Acil Doktor Hatt\u0131, Hasta Dan\u0131\u015fma, Beslenme Dan\u0131\u015fmanl\u0131\u011f\u0131, Online \u00c7ocuk \u0130zlemi","robots":{"index":"index","follow":"follow","max-snippet":"max-snippet:-1","max-image-preview":"max-image-preview:large","max-video-preview":"max-video-preview:-1"},"canonical":"https:\/\/dremrekaraagac.com\/","og_locale":"tr_TR","og_type":"article","og_title":"\u00c7ocuk Doktoru - Uzm. Dr. Emre KARAA\u011eA\u00c7","og_description":"\u00c7ocuk doktoruna ihtiya\u00e7 duydu\u011funuz an yan\u0131n\u0131zda .Acil Doktor Hatt\u0131, Hasta Dan\u0131\u015fma, Beslenme Dan\u0131\u015fmanl\u0131\u011f\u0131, Online \u00c7ocuk \u0130zlemi","og_url":"https:\/\/dremrekaraagac.com\/","og_site_name":"Uzm. Dr. Emre KARAA\u011eA\u00c7","article_modified_time":"2025-05-05T09:56:06+00:00","og_image":[{"width":600,"height":600,"url":"https:\/\/dremrekaraagac.com\/wp-content\/uploads\/2025\/01\/ilgi-Alanlari-3.png","type":"image\/png"}],"twitter_card":"summary_large_image","twitter_misc":{"Tahmini okuma s\u00fcresi":"5 dakika"},"schema":{"@context":"https:\/\/schema.org","@graph":[{"@type":"WebPage","@id":"https:\/\/dremrekaraagac.com\/","url":"https:\/\/dremrekaraagac.com\/","name":"\u00c7ocuk Doktoru - Uzm. Dr. Emre KARAA\u011eA\u00c7","isPartOf":{"@id":"https:\/\/dremrekaraagac.com\/#website"},"primaryImageOfPage":{"@id":"https:\/\/dremrekaraagac.com\/#primaryimage"},"image":{"@id":"https:\/\/dremrekaraagac.com\/#primaryimage"},"thumbnailUrl":"https:\/\/dremrekaraagac.com\/wp-content\/uploads\/2025\/01\/ilgi-Alanlari-3.png","datePublished":"2020-01-13T11:17:52+00:00","dateModified":"2025-05-05T09:56:06+00:00","description":"\u00c7ocuk doktoruna ihtiya\u00e7 duydu\u011funuz an yan\u0131n\u0131zda .Acil Doktor Hatt\u0131, Hasta Dan\u0131\u015fma, Beslenme Dan\u0131\u015fmanl\u0131\u011f\u0131, Online \u00c7ocuk \u0130zlemi","breadcrumb":{"@id":"https:\/\/dremrekaraagac.com\/#breadcrumb"},"inLanguage":"tr","potentialAction":[{"@type":"ReadAction","target":["https:\/\/dremrekaraagac.com\/"]}]},{"@type":"ImageObject","inLanguage":"tr","@id":"https:\/\/dremrekaraagac.com\/#primaryimage","url":"https:\/\/dremrekaraagac.com\/wp-content\/uploads\/2025\/01\/ilgi-Alanlari-3.png","contentUrl":"https:\/\/dremrekaraagac.com\/wp-content\/uploads\/2025\/01\/ilgi-Alanlari-3.png","width":600,"height":600},{"@type":"BreadcrumbList","@id":"https:\/\/dremrekaraagac.com\/#breadcrumb","itemListElement":[{"@type":"ListItem","position":1,"name":"Anasayfa","item":"https:\/\/dremrekaraagac.com\/"},{"@type":"ListItem","position":2,"name":"\u00c7ocuk Doktoru"}]},{"@type":"WebSite","@id":"https:\/\/dremrekaraagac.com\/#website","url":"https:\/\/dremrekaraagac.com\/","name":"Uzm. Dr. Emre KARAA\u011eA\u00c7","description":"\u00c7ocuk Sa\u011fl\u0131\u011f\u0131 Ve Hastal\u0131klar\u0131 Uzman\u0131, En \u0130yi \u00c7ocuk Doktoru","potentialAction":[{"@type":"SearchAction","target":{"@type":"EntryPoint","urlTemplate":"https:\/\/dremrekaraagac.com\/?s={search_term_string}"},"query-input":{"@type":"PropertyValueSpecification","valueRequired":true,"valueName":"search_term_string"}}],"inLanguage":"tr"}]}},"_links":{"self":[{"href":"https:\/\/dremrekaraagac.com\/index.php?rest_route=\/wp\/v2\/pages\/1141","targetHints":{"allow":["GET"]}}],"collection":[{"href":"https:\/\/dremrekaraagac.com\/index.php?rest_route=\/wp\/v2\/pages"}],"about":[{"href":"https:\/\/dremrekaraagac.com\/index.php?rest_route=\/wp\/v2\/types\/page"}],"author":[{"embeddable":true,"href":"https:\/\/dremrekaraagac.com\/index.php?rest_route=\/wp\/v2\/users\/1"}],"replies":[{"embeddable":true,"href":"https:\/\/dremrekaraagac.com\/index.php?rest_route=%2Fwp%2Fv2%2Fcomments&post=1141"}],"version-history":[{"count":58,"href":"https:\/\/dremrekaraagac.com\/index.php?rest_route=\/wp\/v2\/pages\/1141\/revisions"}],"predecessor-version":[{"id":1907,"href":"https:\/\/dremrekaraagac.com\/index.php?rest_route=\/wp\/v2\/pages\/1141\/revisions\/1907"}],"wp:featuredmedia":[{"embeddable":true,"href":"https:\/\/dremrekaraagac.com\/index.php?rest_route=\/wp\/v2\/media\/1242"}],"wp:attachment":[{"href":"https:\/\/dremrekaraagac.com\/index.php?rest_route=%2Fwp%2Fv2%2Fmedia&parent=1141"}],"curies":[{"name":"wp","href":"https:\/\/api.w.org\/{rel}","templated":true}]}}